{"id":3139,"date":"2025-06-10T17:11:42","date_gmt":"2025-06-10T15:11:42","guid":{"rendered":"https:\/\/krawczykstudio.pl\/?page_id=3139"},"modified":"2025-06-10T17:26:35","modified_gmt":"2025-06-10T15:26:35","slug":"ramy-na-zamowienie","status":"publish","type":"page","link":"https:\/\/krawczykstudio.pl\/en\/ramy-na-zamowienie\/","title":{"rendered":"Ramy na zam\u00f3wienie"},"content":{"rendered":"<div data-elementor-type=\"wp-page\" data-elementor-id=\"3139\" class=\"elementor elementor-3139\">\n\t\t\t\t<div class=\"elementor-element elementor-element-39c9ec5 e-flex e-con-boxed e-con e-parent\" data-id=\"39c9ec5\" data-element_type=\"container\" data-e-type=\"container\">\n\t\t\t\t\t<div class=\"e-con-inner\">\n\t\t\t\t<div class=\"elementor-element elementor-element-4729943 elementor-widget elementor-widget-heading\" data-id=\"4729943\" data-element_type=\"widget\" data-e-type=\"widget\" data-widget_type=\"heading.default\">\n\t\t\t\t<div class=\"elementor-widget-container\">\n\t\t\t\t\t<h1 class=\"elementor-heading-title elementor-size-default\">Ramy na zam\u00f3wienie w Warszawie<\/h1>\t\t\t\t<\/div>\n\t\t\t\t<\/div>\n\t\t\t\t\t<\/div>\n\t\t\t\t<\/div>\n\t\t<div class=\"elementor-element elementor-element-000afbc e-flex e-con-boxed e-con e-parent\" data-id=\"000afbc\" data-element_type=\"container\" data-e-type=\"container\">\n\t\t\t\t\t<div class=\"e-con-inner\">\n\t\t\t\t<div class=\"elementor-element elementor-element-8902cfb elementor-widget elementor-widget-text-editor\" data-id=\"8902cfb\" data-element_type=\"widget\" data-e-type=\"widget\" data-widget_type=\"text-editor.default\">\n\t\t\t\t<div class=\"elementor-widget-container\">\n\t\t\t\t\t\t\t\t\t<p><strong>Ramy na zam\u00f3wienie w Warszawie<\/strong> to idealne rozwi\u0105zanie dla os\u00f3b, kt\u00f3re szukaj\u0105 oprawy idealnie dopasowanej do swojego dzie\u0142a i wn\u0119trza. W Krawczyk Studio \u0142\u0105czymy tradycj\u0119 r\u0119cznego rzemios\u0142a z nowoczesnymi technologiami, aby tworzy\u0107 ramy skrojone na miar\u0119 potrzeb klient\u00f3w. Niezale\u017cnie od tego, czy chodzi o obraz, grafik\u0119, lustro czy fotografi\u0119, oferujemy indywidualne podej\u015bcie i najwy\u017csz\u0105 jako\u015b\u0107 wykonania.<\/p><h2>Indywidualne projekty i doradztwo<\/h2><p>Ka\u017cde dzie\u0142o zas\u0142uguje na wyj\u0105tkow\u0105 opraw\u0119. W Krawczyk Studio przygotowujemy <strong>ramy na zam\u00f3wienie w Warszawie<\/strong> po wcze\u015bniejszej konsultacji z klientem. Nasz proces rozpoczynamy od analizy dzie\u0142a \u2014 jego rozmiar\u00f3w, stylu, kolorystyki i techniki wykonania. Uwzgl\u0119dniamy tak\u017ce charakter wn\u0119trza, w kt\u00f3rym obraz b\u0119dzie eksponowany, aby zaproponowa\u0107 ram\u0119 idealnie dopasowan\u0105 do ca\u0142o\u015bci aran\u017cacji.<\/p><p>Doradzamy w wyborze szeroko\u015bci listew, ich profilu, rodzaju drewna i wyko\u0144czenia \u2014 od klasycznych, eleganckich ram po nowoczesne, minimalistyczne formy. W zale\u017cno\u015bci od potrzeb sugerujemy tak\u017ce odpowiednie passe-partout, kt\u00f3re nadaje pracy g\u0142\u0119bi i podkre\u015bla jej walory estetyczne.<\/p><h2>Materia\u0142y najwy\u017cszej jako\u015bci<\/h2><p>Do tworzenia ram wykorzystujemy tylko sprawdzone materia\u0142y: szlachetne gatunki drewna, bezkwasowe kartony w standardzie muzealnym oraz szk\u0142a antyrefleksyjne TRU VUE, kt\u00f3re chroni\u0105 dzie\u0142o przed promieniowaniem UV i minimalizuj\u0105 odbicia. <strong>Ramy na zam\u00f3wienie<\/strong> od Krawczyk Studio to gwarancja estetyki, trwa\u0142o\u015bci i bezpiecze\u0144stwa dzie\u0142a na d\u0142ugie lata. Dla klient\u00f3w ceni\u0105cych nowoczesne wzornictwo przygotowali\u015bmy tak\u017ce ofert\u0119 obejmuj\u0105c\u0105 <a href=\"https:\/\/krawczykstudio.pl\/en\/oferta\/design-ram\/\">design ram<\/a>, gdzie prezentujemy odwa\u017cne i nietuzinkowe projekty.<\/p><h2>Ramy dopasowane do ka\u017cdego wn\u0119trza<\/h2><p>Niezale\u017cnie od tego, czy urz\u0105dzasz elegancki salon, nowoczesn\u0105 przestrze\u0144 biurow\u0105 czy minimalistyczne studio artystyczne, nasze ramy wkomponuj\u0105 si\u0119 w charakter wn\u0119trza. Proponujemy zar\u00f3wno klasyczne wzory o ponadczasowym uroku, jak i nowoczesne, geometryczne kszta\u0142ty. Tworz\u0105c <strong>ramy na zam\u00f3wienie w Warszawie<\/strong>, zwracamy uwag\u0119 na ka\u017cdy detal: profil listew, wyko\u0144czenie powierzchni, kolorystyk\u0119 i faktur\u0119, by efekt ko\u0144cowy by\u0142 sp\u00f3jny i elegancki.<\/p><h2>Perfekcja w ka\u017cdym calu<\/h2><p>Nasze ramy powstaj\u0105 z dba\u0142o\u015bci\u0105 o ka\u017cdy szczeg\u00f3\u0142. Dzi\u0119ki <strong>wieloletniemu do\u015bwiadczeniu<\/strong>, zaawansowanym technologiom i pasji do rzemios\u0142a jeste\u015bmy w stanie sprosta\u0107 najbardziej wymagaj\u0105cym oczekiwaniom. Wybieraj\u0105c Krawczyk Studio, masz pewno\u015b\u0107, \u017ce Twoje dzie\u0142o zostanie <strong>oprawione z najwy\u017csz\u0105 staranno\u015bci\u0105<\/strong> i b\u0119dzie prezentowa\u0107 si\u0119 doskonale w ka\u017cdej przestrzeni.<\/p>\t\t\t\t\t\t\t\t<\/div>\n\t\t\t\t<\/div>\n\t\t\t\t\t<\/div>\n\t\t\t\t<\/div>\n\t\t\t\t<\/div>","protected":false},"excerpt":{"rendered":"<p>Ramy na zam\u00f3wienie w Warszawie Ramy na zam\u00f3wienie w Warszawie to idealne rozwi\u0105zanie dla os\u00f3b, kt\u00f3re szukaj\u0105 oprawy idealnie dopasowanej do swojego dzie\u0142a i wn\u0119trza. W Krawczyk Studio \u0142\u0105czymy tradycj\u0119 r\u0119cznego rzemios\u0142a z nowoczesnymi technologiami, aby tworzy\u0107 ramy skrojone na miar\u0119 potrzeb klient\u00f3w. Niezale\u017cnie od tego, czy chodzi o obraz, grafik\u0119, lustro czy fotografi\u0119, oferujemy [&hellip;]<\/p>","protected":false},"author":1,"featured_media":0,"parent":0,"menu_order":0,"comment_status":"closed","ping_status":"closed","template":"","meta":{"footnotes":""},"class_list":["post-3139","page","type-page","status-publish","hentry"],"blocksy_meta":[],"yoast_head":"<!-- This site is optimized with the Yoast SEO plugin v27.5 - https:\/\/yoast.com\/product\/yoast-seo-wordpress\/ -->\n<title>Ramy na zam\u00f3wienie \u2013 indywidualny projekt w Krawczyk Studio<\/title>\n<meta name=\"description\" content=\"Zam\u00f3w ramy na wymiar w Warszawie! Krawczyk Studio stworzy dla Ciebie unikaln\u0105 opraw\u0119 dostosowan\u0105 do dzie\u0142a i wn\u0119trza. Skonsultuj sw\u00f3j projekt z ekspertami.\" \/>\n<meta name=\"robots\" content=\"index, follow, max-snippet:-1, max-image-preview:large, max-video-preview:-1\" \/>\n<link rel=\"canonical\" href=\"https:\/\/krawczykstudio.pl\/en\/ramy-na-zamowienie\/\" \/>\n<meta property=\"og:locale\" content=\"en_US\" \/>\n<meta property=\"og:type\" content=\"article\" \/>\n<meta property=\"og:title\" content=\"Ramy na zam\u00f3wienie \u2013 indywidualny projekt w Krawczyk Studio\" \/>\n<meta property=\"og:description\" content=\"Zam\u00f3w ramy na wymiar w Warszawie! Krawczyk Studio stworzy dla Ciebie unikaln\u0105 opraw\u0119 dostosowan\u0105 do dzie\u0142a i wn\u0119trza. Skonsultuj sw\u00f3j projekt z ekspertami.\" \/>\n<meta property=\"og:url\" content=\"https:\/\/krawczykstudio.pl\/en\/ramy-na-zamowienie\/\" \/>\n<meta property=\"og:site_name\" content=\"Krawczyk Studio\" \/>\n<meta property=\"article:modified_time\" content=\"2025-06-10T15:26:35+00:00\" \/>\n<meta name=\"twitter:card\" content=\"summary_large_image\" \/>\n<meta name=\"twitter:label1\" content=\"Est. reading time\" \/>\n\t<meta name=\"twitter:data1\" content=\"2 minutes\" \/>\n<script type=\"application\/ld+json\" class=\"yoast-schema-graph\">{\"@context\":\"https:\\\/\\\/schema.org\",\"@graph\":[{\"@type\":\"WebPage\",\"@id\":\"https:\\\/\\\/krawczykstudio.pl\\\/ramy-na-zamowienie\\\/\",\"url\":\"https:\\\/\\\/krawczykstudio.pl\\\/ramy-na-zamowienie\\\/\",\"name\":\"Ramy na zam\u00f3wienie \u2013 indywidualny projekt w Krawczyk Studio\",\"isPartOf\":{\"@id\":\"https:\\\/\\\/krawczykstudio.pl\\\/#website\"},\"datePublished\":\"2025-06-10T15:11:42+00:00\",\"dateModified\":\"2025-06-10T15:26:35+00:00\",\"description\":\"Zam\u00f3w ramy na wymiar w Warszawie! Krawczyk Studio stworzy dla Ciebie unikaln\u0105 opraw\u0119 dostosowan\u0105 do dzie\u0142a i wn\u0119trza. Skonsultuj sw\u00f3j projekt z ekspertami.\",\"breadcrumb\":{\"@id\":\"https:\\\/\\\/krawczykstudio.pl\\\/ramy-na-zamowienie\\\/#breadcrumb\"},\"inLanguage\":\"en-US\",\"potentialAction\":[{\"@type\":\"ReadAction\",\"target\":[\"https:\\\/\\\/krawczykstudio.pl\\\/ramy-na-zamowienie\\\/\"]}]},{\"@type\":\"BreadcrumbList\",\"@id\":\"https:\\\/\\\/krawczykstudio.pl\\\/ramy-na-zamowienie\\\/#breadcrumb\",\"itemListElement\":[{\"@type\":\"ListItem\",\"position\":1,\"name\":\"Strona g\u0142\u00f3wna\",\"item\":\"https:\\\/\\\/krawczykstudio.pl\\\/\"},{\"@type\":\"ListItem\",\"position\":2,\"name\":\"Ramy na zam\u00f3wienie\"}]},{\"@type\":\"WebSite\",\"@id\":\"https:\\\/\\\/krawczykstudio.pl\\\/#website\",\"url\":\"https:\\\/\\\/krawczykstudio.pl\\\/\",\"name\":\"Krawczyk Studio - Pracownia Ramiarska\",\"description\":\"Pracownia ramiarska w Warszawie\",\"publisher\":{\"@id\":\"https:\\\/\\\/krawczykstudio.pl\\\/#organization\"},\"alternateName\":\"Krawczyk Studio\",\"potentialAction\":[{\"@type\":\"SearchAction\",\"target\":{\"@type\":\"EntryPoint\",\"urlTemplate\":\"https:\\\/\\\/krawczykstudio.pl\\\/?s={search_term_string}\"},\"query-input\":{\"@type\":\"PropertyValueSpecification\",\"valueRequired\":true,\"valueName\":\"search_term_string\"}}],\"inLanguage\":\"en-US\"},{\"@type\":\"Organization\",\"@id\":\"https:\\\/\\\/krawczykstudio.pl\\\/#organization\",\"name\":\"Krawczyk Studio\",\"url\":\"https:\\\/\\\/krawczykstudio.pl\\\/\",\"logo\":{\"@type\":\"ImageObject\",\"inLanguage\":\"en-US\",\"@id\":\"https:\\\/\\\/krawczykstudio.pl\\\/#\\\/schema\\\/logo\\\/image\\\/\",\"url\":\"https:\\\/\\\/krawczykstudio.pl\\\/wp-content\\\/uploads\\\/2024\\\/11\\\/LogoKs.png\",\"contentUrl\":\"https:\\\/\\\/krawczykstudio.pl\\\/wp-content\\\/uploads\\\/2024\\\/11\\\/LogoKs.png\",\"width\":194,\"height\":67,\"caption\":\"Krawczyk Studio\"},\"image\":{\"@id\":\"https:\\\/\\\/krawczykstudio.pl\\\/#\\\/schema\\\/logo\\\/image\\\/\"}}]}<\/script>\n<!-- \/ Yoast SEO plugin. -->","yoast_head_json":{"title":"Ramy na zam\u00f3wienie \u2013 indywidualny projekt w Krawczyk Studio","description":"Zam\u00f3w ramy na wymiar w Warszawie! Krawczyk Studio stworzy dla Ciebie unikaln\u0105 opraw\u0119 dostosowan\u0105 do dzie\u0142a i wn\u0119trza. Skonsultuj sw\u00f3j projekt z ekspertami.","robots":{"index":"index","follow":"follow","max-snippet":"max-snippet:-1","max-image-preview":"max-image-preview:large","max-video-preview":"max-video-preview:-1"},"canonical":"https:\/\/krawczykstudio.pl\/en\/ramy-na-zamowienie\/","og_locale":"en_US","og_type":"article","og_title":"Ramy na zam\u00f3wienie \u2013 indywidualny projekt w Krawczyk Studio","og_description":"Zam\u00f3w ramy na wymiar w Warszawie! Krawczyk Studio stworzy dla Ciebie unikaln\u0105 opraw\u0119 dostosowan\u0105 do dzie\u0142a i wn\u0119trza. Skonsultuj sw\u00f3j projekt z ekspertami.","og_url":"https:\/\/krawczykstudio.pl\/en\/ramy-na-zamowienie\/","og_site_name":"Krawczyk Studio","article_modified_time":"2025-06-10T15:26:35+00:00","twitter_card":"summary_large_image","twitter_misc":{"Est. reading time":"2 minutes"},"schema":{"@context":"https:\/\/schema.org","@graph":[{"@type":"WebPage","@id":"https:\/\/krawczykstudio.pl\/ramy-na-zamowienie\/","url":"https:\/\/krawczykstudio.pl\/ramy-na-zamowienie\/","name":"Ramy na zam\u00f3wienie \u2013 indywidualny projekt w Krawczyk Studio","isPartOf":{"@id":"https:\/\/krawczykstudio.pl\/#website"},"datePublished":"2025-06-10T15:11:42+00:00","dateModified":"2025-06-10T15:26:35+00:00","description":"Zam\u00f3w ramy na wymiar w Warszawie! Krawczyk Studio stworzy dla Ciebie unikaln\u0105 opraw\u0119 dostosowan\u0105 do dzie\u0142a i wn\u0119trza. Skonsultuj sw\u00f3j projekt z ekspertami.","breadcrumb":{"@id":"https:\/\/krawczykstudio.pl\/ramy-na-zamowienie\/#breadcrumb"},"inLanguage":"en-US","potentialAction":[{"@type":"ReadAction","target":["https:\/\/krawczykstudio.pl\/ramy-na-zamowienie\/"]}]},{"@type":"BreadcrumbList","@id":"https:\/\/krawczykstudio.pl\/ramy-na-zamowienie\/#breadcrumb","itemListElement":[{"@type":"ListItem","position":1,"name":"Strona g\u0142\u00f3wna","item":"https:\/\/krawczykstudio.pl\/"},{"@type":"ListItem","position":2,"name":"Ramy na zam\u00f3wienie"}]},{"@type":"WebSite","@id":"https:\/\/krawczykstudio.pl\/#website","url":"https:\/\/krawczykstudio.pl\/","name":"Krawczyk Studio - Pracownia Ramiarska","description":"Pracownia ramiarska w Warszawie","publisher":{"@id":"https:\/\/krawczykstudio.pl\/#organization"},"alternateName":"Krawczyk Studio","potentialAction":[{"@type":"SearchAction","target":{"@type":"EntryPoint","urlTemplate":"https:\/\/krawczykstudio.pl\/?s={search_term_string}"},"query-input":{"@type":"PropertyValueSpecification","valueRequired":true,"valueName":"search_term_string"}}],"inLanguage":"en-US"},{"@type":"Organization","@id":"https:\/\/krawczykstudio.pl\/#organization","name":"Krawczyk Studio","url":"https:\/\/krawczykstudio.pl\/","logo":{"@type":"ImageObject","inLanguage":"en-US","@id":"https:\/\/krawczykstudio.pl\/#\/schema\/logo\/image\/","url":"https:\/\/krawczykstudio.pl\/wp-content\/uploads\/2024\/11\/LogoKs.png","contentUrl":"https:\/\/krawczykstudio.pl\/wp-content\/uploads\/2024\/11\/LogoKs.png","width":194,"height":67,"caption":"Krawczyk Studio"},"image":{"@id":"https:\/\/krawczykstudio.pl\/#\/schema\/logo\/image\/"}}]}},"_links":{"self":[{"href":"https:\/\/krawczykstudio.pl\/en\/wp-json\/wp\/v2\/pages\/3139","targetHints":{"allow":["GET"]}}],"collection":[{"href":"https:\/\/krawczykstudio.pl\/en\/wp-json\/wp\/v2\/pages"}],"about":[{"href":"https:\/\/krawczykstudio.pl\/en\/wp-json\/wp\/v2\/types\/page"}],"author":[{"embeddable":true,"href":"https:\/\/krawczykstudio.pl\/en\/wp-json\/wp\/v2\/users\/1"}],"replies":[{"embeddable":true,"href":"https:\/\/krawczykstudio.pl\/en\/wp-json\/wp\/v2\/comments?post=3139"}],"version-history":[{"count":4,"href":"https:\/\/krawczykstudio.pl\/en\/wp-json\/wp\/v2\/pages\/3139\/revisions"}],"predecessor-version":[{"id":3143,"href":"https:\/\/krawczykstudio.pl\/en\/wp-json\/wp\/v2\/pages\/3139\/revisions\/3143"}],"wp:attachment":[{"href":"https:\/\/krawczykstudio.pl\/en\/wp-json\/wp\/v2\/media?parent=3139"}],"curies":[{"name":"wp","href":"https:\/\/api.w.org\/{rel}","templated":true}]}}