{"id":3,"date":"2024-11-28T14:10:18","date_gmt":"2024-11-28T13:10:18","guid":{"rendered":"http:\/\/krawczykstudio.pl\/?page_id=3"},"modified":"2024-12-07T21:32:48","modified_gmt":"2024-12-07T20:32:48","slug":"polityka-prywatnosci","status":"publish","type":"page","link":"https:\/\/krawczykstudio.pl\/en\/polityka-prywatnosci\/","title":{"rendered":"Privacy Policy"},"content":{"rendered":"<div style=\"height:30px\" aria-hidden=\"true\" class=\"wp-block-spacer\"><\/div>\n\n\n\n<h2 class=\"wp-block-heading\">Who We Are<\/h2>\n\n\n\n<p>Adres naszej strony internetowej to: http:\/\/krawczykstudio.pl. Administratorem danych osobowych jest <strong>Krawczyk Studio<\/strong>, located at Franciszka Marii Lanciego 13\/U.13, 02-792 Warsaw, Tax ID: XXXXXXX.<\/p>\n\n\n\n<h2 class=\"wp-block-heading\">Comments<\/h2>\n\n\n\n<p>When visitors leave a comment on the site, we collect the data visible in the comment form, as well as the visitor\u2019s IP address and the user agent string from their browser to help detect spam.<\/p>\n\n\n\n<p>An anonymized string created from your email address (also called a hash) may be sent to the Gravatar service to check if it is being used. The Gravatar service privacy policy is available here: <a href=\"https:\/\/automattic.com\/privacy\/\">https:\/\/automattic.com\/privacy\/<\/a>After approval of the comment, your profile picture is visible publicly in the context of your comment.<\/p>\n\n\n\n<h2 class=\"wp-block-heading\">Media<\/h2>\n\n\n\n<p>If you are a registered user and upload images to the site, you should avoid uploading images with EXIF location tags. Visitors to the site can download and read the full location data from images on the site.<\/p>\n\n\n\n<h2 class=\"wp-block-heading\">Cookies<\/h2>\n\n\n\n<p><strong>Comments cookies:<\/strong>If you leave a comment on our site, we will store your name, email address, and website in cookies for convenience, so you won\u2019t have to fill in these details again when you leave another comment. Cookies expire after one year.<\/p>\n\n\n\n<p><strong>Login cookies:<\/strong>When you visit the login page, we create a temporary cookie to check if your browser accepts cookies. This cookie contains no personal data and is discarded when you close your browser.<\/p>\n\n\n\n<p><strong>Logged-in cookies:<\/strong>When you log in, we create additional cookies to save your login information and screen display options. Login cookies last for two days, and screen options cookies last for a year. If you select \u201cRemember me,\u201d your login will last for two weeks. If you log out of your account, the login cookies will be removed.<\/p>\n\n\n\n<p><strong>Edit post cookies:<\/strong>If you edit or publish a post, an additional cookie will be saved in your browser with an identifier for the edited post. This cookie contains no personal data and expires after 1 day.<\/p>\n\n\n\n<h2 class=\"wp-block-heading\">Embedded Content from Other Websites<\/h2>\n\n\n\n<p>Articles on our site may include embedded content (e.g., videos, images, articles, etc.). Embedded content from other websites behaves the same way as if the user visited those other websites directly.<\/p>\n\n\n\n<p>Websites that contain embedded content may collect data about you, use cookies, include additional tracking systems, and monitor your interactions with the embedded content, including tracking interactions if you have an account and are logged in on that website.<\/p>\n\n\n\n<h2 class=\"wp-block-heading\">What Data We Collect<\/h2>\n\n\n\n<p>We collect personal data voluntarily provided by users using the contact form on the site, such as:<\/p>\n\n\n\n<ul class=\"wp-block-list\">\n<li><strong>Name<\/strong> \u2013 used for personalizing communication.<\/li>\n\n\n\n<li><strong>Email address<\/strong> \u2013 used to respond to the user\u2019s query.<\/li>\n\n\n\n<li><strong>Subject<\/strong> \u2013 allows for determining the subject of the user\u2019s message.<\/li>\n\n\n\n<li><strong>Message<\/strong> \u2013 contains the content of the query sent by the user.<\/li>\n<\/ul>\n\n\n\n<p>This data is stored solely to respond to the query or solve the user\u2019s problem.<\/p>\n\n\n\n<h2 class=\"wp-block-heading\">With Whom We Share Data<\/h2>\n\n\n\n<p>If you request a password reset, your IP address will be included in the message sent.<\/p>\n\n\n\n<p>Your personal data may also be shared with companies providing website hosting services, order handling, web traffic analysis, and marketing activities. Your data may also be shared with entities authorized under legal regulations, including law enforcement, for the implementation of legal obligations.<\/p>\n\n\n\n<p>Data from users sent via the contact form will not be shared with third parties, except in cases required by law (e.g., law enforcement agencies).<\/p>\n\n\n\n<p>Data may be processed by external service providers, such as hosting services or website management platforms, but these entities will process the data solely on our behalf and in accordance with applicable legal regulations.<\/p>\n\n\n\n<h2 class=\"wp-block-heading\">How Long We Store Your Data<\/h2>\n\n\n\n<p><strong>Comments<\/strong>: If you leave a comment, its content and metadata will be stored indefinitely. This way, we can automatically recognize and approve follow-up comments without manual moderation.<\/p>\n\n\n\n<p><strong>Registration and User Data<\/strong>: For users who have registered on our site (if any), we also store personal information entered in the profile. Each user can view, edit, or delete their personal data at any time (excluding username, which cannot be changed). Site administrators can also review and modify this information.<\/p>\n\n\n\n<p>Personal data provided by users in the contact form (Name, email address, subject, message) will be stored for as long as necessary to respond to the user\u2019s query. After completing the correspondence, the data may be kept for the duration necessary for administrative or legal purposes (e.g., if the user submits a claim or complaint). After this period, the data will be deleted.<\/p>\n\n\n\n<h2 class=\"wp-block-heading\">Your Rights Regarding Your Data<\/h2>\n\n\n\n<p>If you have a user account or have left comments on this site, you can request an exported file of the complete set of your personal data, including all data provided by you. You can also request the deletion of all your personal data in our possession, except for data that we are required to keep for administrative, legal, or security purposes.<\/p>\n\n\n\n<h2 class=\"wp-block-heading\">Where We Send Your Data<\/h2>\n\n\n\n<p>Visitor comments may be checked through an automated spam detection service. Additionally, data may be sent to third-party companies providing marketing or analytical services if the user has given consent to do so.<\/p>\n\n\n\n<h2 class=\"wp-block-heading\">Changes to the Privacy Policy<\/h2>\n\n\n\n<p>We reserve the right to change this Privacy Policy. Changes to the Privacy Policy will be published on this page. We encourage regular review of the current version of the Privacy Policy.<\/p>\n\n\n\n<div style=\"height:100px\" aria-hidden=\"true\" class=\"wp-block-spacer\"><\/div>","protected":false},"excerpt":{"rendered":"<p>Kim jeste\u015bmy Adres naszej strony internetowej to: http:\/\/krawczykstudio.pl. Administratorem danych osobowych jest Krawczyk Studio, z siedzib\u0105 przy Franciszka Marii Lanciego 13\/U.13, 02-792 Warszawa, NIP: XXXXXXX.\u201d Komentarze Kiedy odwiedzaj\u0105cy witryn\u0119 zostawia komentarz, zbieramy dane widoczne w formularzu komentowania, jak i adres IP odwiedzaj\u0105cego oraz podpis jego przegl\u0105darki jako pomoc przy wykrywaniu spamu. Anonimizowany ci\u0105g znak\u00f3w utworzony [&hellip;]<\/p>","protected":false},"author":1,"featured_media":0,"parent":0,"menu_order":0,"comment_status":"closed","ping_status":"open","template":"","meta":{"footnotes":""},"class_list":["post-3","page","type-page","status-publish","hentry"],"blocksy_meta":[],"yoast_head":"<!-- This site is optimized with the Yoast SEO plugin v27.5 - https:\/\/yoast.com\/product\/yoast-seo-wordpress\/ -->\n<title>Polityka prywatno\u015bci | Krawczyk Studio<\/title>\n<meta name=\"robots\" content=\"index, follow, max-snippet:-1, max-image-preview:large, max-video-preview:-1\" \/>\n<link rel=\"canonical\" href=\"https:\/\/krawczykstudio.pl\/en\/polityka-prywatnosci\/\" \/>\n<meta property=\"og:locale\" content=\"en_US\" \/>\n<meta property=\"og:type\" content=\"article\" \/>\n<meta property=\"og:title\" content=\"Polityka prywatno\u015bci | Krawczyk Studio\" \/>\n<meta property=\"og:description\" content=\"Kim jeste\u015bmy Adres naszej strony internetowej to: http:\/\/krawczykstudio.pl. Administratorem danych osobowych jest Krawczyk Studio, z siedzib\u0105 przy Franciszka Marii Lanciego 13\/U.13, 02-792 Warszawa, NIP: XXXXXXX.\u201d Komentarze Kiedy odwiedzaj\u0105cy witryn\u0119 zostawia komentarz, zbieramy dane widoczne w formularzu komentowania, jak i adres IP odwiedzaj\u0105cego oraz podpis jego przegl\u0105darki jako pomoc przy wykrywaniu spamu. Anonimizowany ci\u0105g znak\u00f3w utworzony [&hellip;]\" \/>\n<meta property=\"og:url\" content=\"https:\/\/krawczykstudio.pl\/en\/polityka-prywatnosci\/\" \/>\n<meta property=\"og:site_name\" content=\"Krawczyk Studio\" \/>\n<meta property=\"article:modified_time\" content=\"2024-12-07T20:32:48+00:00\" \/>\n<meta name=\"twitter:card\" content=\"summary_large_image\" \/>\n<meta name=\"twitter:label1\" content=\"Est. reading time\" \/>\n\t<meta name=\"twitter:data1\" content=\"5 minutes\" \/>\n<script type=\"application\/ld+json\" class=\"yoast-schema-graph\">{\"@context\":\"https:\\\/\\\/schema.org\",\"@graph\":[{\"@type\":\"WebPage\",\"@id\":\"https:\\\/\\\/krawczykstudio.pl\\\/polityka-prywatnosci\\\/\",\"url\":\"https:\\\/\\\/krawczykstudio.pl\\\/polityka-prywatnosci\\\/\",\"name\":\"Polityka prywatno\u015bci | Krawczyk Studio\",\"isPartOf\":{\"@id\":\"https:\\\/\\\/krawczykstudio.pl\\\/#website\"},\"datePublished\":\"2024-11-28T13:10:18+00:00\",\"dateModified\":\"2024-12-07T20:32:48+00:00\",\"breadcrumb\":{\"@id\":\"https:\\\/\\\/krawczykstudio.pl\\\/polityka-prywatnosci\\\/#breadcrumb\"},\"inLanguage\":\"en-US\",\"potentialAction\":[{\"@type\":\"ReadAction\",\"target\":[\"https:\\\/\\\/krawczykstudio.pl\\\/polityka-prywatnosci\\\/\"]}]},{\"@type\":\"BreadcrumbList\",\"@id\":\"https:\\\/\\\/krawczykstudio.pl\\\/polityka-prywatnosci\\\/#breadcrumb\",\"itemListElement\":[{\"@type\":\"ListItem\",\"position\":1,\"name\":\"Strona g\u0142\u00f3wna\",\"item\":\"https:\\\/\\\/krawczykstudio.pl\\\/\"},{\"@type\":\"ListItem\",\"position\":2,\"name\":\"Polityka prywatno\u015bci\"}]},{\"@type\":\"WebSite\",\"@id\":\"https:\\\/\\\/krawczykstudio.pl\\\/#website\",\"url\":\"https:\\\/\\\/krawczykstudio.pl\\\/\",\"name\":\"Krawczyk Studio - Pracownia Ramiarska\",\"description\":\"Pracownia ramiarska w Warszawie\",\"publisher\":{\"@id\":\"https:\\\/\\\/krawczykstudio.pl\\\/#organization\"},\"alternateName\":\"Krawczyk Studio\",\"potentialAction\":[{\"@type\":\"SearchAction\",\"target\":{\"@type\":\"EntryPoint\",\"urlTemplate\":\"https:\\\/\\\/krawczykstudio.pl\\\/?s={search_term_string}\"},\"query-input\":{\"@type\":\"PropertyValueSpecification\",\"valueRequired\":true,\"valueName\":\"search_term_string\"}}],\"inLanguage\":\"en-US\"},{\"@type\":\"Organization\",\"@id\":\"https:\\\/\\\/krawczykstudio.pl\\\/#organization\",\"name\":\"Krawczyk Studio\",\"url\":\"https:\\\/\\\/krawczykstudio.pl\\\/\",\"logo\":{\"@type\":\"ImageObject\",\"inLanguage\":\"en-US\",\"@id\":\"https:\\\/\\\/krawczykstudio.pl\\\/#\\\/schema\\\/logo\\\/image\\\/\",\"url\":\"https:\\\/\\\/krawczykstudio.pl\\\/wp-content\\\/uploads\\\/2024\\\/11\\\/LogoKs.png\",\"contentUrl\":\"https:\\\/\\\/krawczykstudio.pl\\\/wp-content\\\/uploads\\\/2024\\\/11\\\/LogoKs.png\",\"width\":194,\"height\":67,\"caption\":\"Krawczyk Studio\"},\"image\":{\"@id\":\"https:\\\/\\\/krawczykstudio.pl\\\/#\\\/schema\\\/logo\\\/image\\\/\"}}]}<\/script>\n<!-- \/ Yoast SEO plugin. -->","yoast_head_json":{"title":"Polityka prywatno\u015bci | Krawczyk Studio","robots":{"index":"index","follow":"follow","max-snippet":"max-snippet:-1","max-image-preview":"max-image-preview:large","max-video-preview":"max-video-preview:-1"},"canonical":"https:\/\/krawczykstudio.pl\/en\/polityka-prywatnosci\/","og_locale":"en_US","og_type":"article","og_title":"Polityka prywatno\u015bci | Krawczyk Studio","og_description":"Kim jeste\u015bmy Adres naszej strony internetowej to: http:\/\/krawczykstudio.pl. Administratorem danych osobowych jest Krawczyk Studio, z siedzib\u0105 przy Franciszka Marii Lanciego 13\/U.13, 02-792 Warszawa, NIP: XXXXXXX.\u201d Komentarze Kiedy odwiedzaj\u0105cy witryn\u0119 zostawia komentarz, zbieramy dane widoczne w formularzu komentowania, jak i adres IP odwiedzaj\u0105cego oraz podpis jego przegl\u0105darki jako pomoc przy wykrywaniu spamu. Anonimizowany ci\u0105g znak\u00f3w utworzony [&hellip;]","og_url":"https:\/\/krawczykstudio.pl\/en\/polityka-prywatnosci\/","og_site_name":"Krawczyk Studio","article_modified_time":"2024-12-07T20:32:48+00:00","twitter_card":"summary_large_image","twitter_misc":{"Est. reading time":"5 minutes"},"schema":{"@context":"https:\/\/schema.org","@graph":[{"@type":"WebPage","@id":"https:\/\/krawczykstudio.pl\/polityka-prywatnosci\/","url":"https:\/\/krawczykstudio.pl\/polityka-prywatnosci\/","name":"Polityka prywatno\u015bci | Krawczyk Studio","isPartOf":{"@id":"https:\/\/krawczykstudio.pl\/#website"},"datePublished":"2024-11-28T13:10:18+00:00","dateModified":"2024-12-07T20:32:48+00:00","breadcrumb":{"@id":"https:\/\/krawczykstudio.pl\/polityka-prywatnosci\/#breadcrumb"},"inLanguage":"en-US","potentialAction":[{"@type":"ReadAction","target":["https:\/\/krawczykstudio.pl\/polityka-prywatnosci\/"]}]},{"@type":"BreadcrumbList","@id":"https:\/\/krawczykstudio.pl\/polityka-prywatnosci\/#breadcrumb","itemListElement":[{"@type":"ListItem","position":1,"name":"Strona g\u0142\u00f3wna","item":"https:\/\/krawczykstudio.pl\/"},{"@type":"ListItem","position":2,"name":"Polityka prywatno\u015bci"}]},{"@type":"WebSite","@id":"https:\/\/krawczykstudio.pl\/#website","url":"https:\/\/krawczykstudio.pl\/","name":"Krawczyk Studio - Pracownia Ramiarska","description":"Pracownia ramiarska w Warszawie","publisher":{"@id":"https:\/\/krawczykstudio.pl\/#organization"},"alternateName":"Krawczyk Studio","potentialAction":[{"@type":"SearchAction","target":{"@type":"EntryPoint","urlTemplate":"https:\/\/krawczykstudio.pl\/?s={search_term_string}"},"query-input":{"@type":"PropertyValueSpecification","valueRequired":true,"valueName":"search_term_string"}}],"inLanguage":"en-US"},{"@type":"Organization","@id":"https:\/\/krawczykstudio.pl\/#organization","name":"Krawczyk Studio","url":"https:\/\/krawczykstudio.pl\/","logo":{"@type":"ImageObject","inLanguage":"en-US","@id":"https:\/\/krawczykstudio.pl\/#\/schema\/logo\/image\/","url":"https:\/\/krawczykstudio.pl\/wp-content\/uploads\/2024\/11\/LogoKs.png","contentUrl":"https:\/\/krawczykstudio.pl\/wp-content\/uploads\/2024\/11\/LogoKs.png","width":194,"height":67,"caption":"Krawczyk Studio"},"image":{"@id":"https:\/\/krawczykstudio.pl\/#\/schema\/logo\/image\/"}}]}},"_links":{"self":[{"href":"https:\/\/krawczykstudio.pl\/en\/wp-json\/wp\/v2\/pages\/3","targetHints":{"allow":["GET"]}}],"collection":[{"href":"https:\/\/krawczykstudio.pl\/en\/wp-json\/wp\/v2\/pages"}],"about":[{"href":"https:\/\/krawczykstudio.pl\/en\/wp-json\/wp\/v2\/types\/page"}],"author":[{"embeddable":true,"href":"https:\/\/krawczykstudio.pl\/en\/wp-json\/wp\/v2\/users\/1"}],"replies":[{"embeddable":true,"href":"https:\/\/krawczykstudio.pl\/en\/wp-json\/wp\/v2\/comments?post=3"}],"version-history":[{"count":5,"href":"https:\/\/krawczykstudio.pl\/en\/wp-json\/wp\/v2\/pages\/3\/revisions"}],"predecessor-version":[{"id":2124,"href":"https:\/\/krawczykstudio.pl\/en\/wp-json\/wp\/v2\/pages\/3\/revisions\/2124"}],"wp:attachment":[{"href":"https:\/\/krawczykstudio.pl\/en\/wp-json\/wp\/v2\/media?parent=3"}],"curies":[{"name":"wp","href":"https:\/\/api.w.org\/{rel}","templated":true}]}}