{"id":1097,"date":"2024-11-29T17:09:14","date_gmt":"2024-11-29T16:09:14","guid":{"rendered":"https:\/\/krawczykstudio.pl\/?page_id=1097"},"modified":"2024-12-17T18:49:40","modified_gmt":"2024-12-17T17:49:40","slug":"krosna-malarskie","status":"publish","type":"page","link":"https:\/\/krawczykstudio.pl\/en\/krosna-malarskie\/","title":{"rendered":"Krosna malarskie"},"content":{"rendered":"<div data-elementor-type=\"wp-page\" data-elementor-id=\"1097\" class=\"elementor elementor-1097\">\n\t\t\t\t<div class=\"elementor-element elementor-element-d3e0698 e-flex e-con-boxed e-con e-parent\" data-id=\"d3e0698\" data-element_type=\"container\" data-e-type=\"container\" data-settings=\"{&quot;background_background&quot;:&quot;classic&quot;}\">\n\t\t\t\t\t<div class=\"e-con-inner\">\n\t\t<div class=\"elementor-element elementor-element-66a65de0 e-con-full e-flex e-con e-child\" data-id=\"66a65de0\" data-element_type=\"container\" data-e-type=\"container\">\n\t\t\t\t<div class=\"elementor-element elementor-element-44bd8155 elementor-invisible elementor-widget elementor-widget-heading\" data-id=\"44bd8155\" data-element_type=\"widget\" data-e-type=\"widget\" data-settings=\"{&quot;_animation&quot;:&quot;fadeIn&quot;,&quot;_animation_delay&quot;:100}\" data-widget_type=\"heading.default\">\n\t\t\t\t<div class=\"elementor-widget-container\">\n\t\t\t\t\t<h1 class=\"elementor-heading-title elementor-size-default\">Stretching Canvases \u2013 Painting Stretchers<\/h1>\t\t\t\t<\/div>\n\t\t\t\t<\/div>\n\t\t\t\t<div class=\"elementor-element elementor-element-7b042cc elementor-widget elementor-widget-text-editor\" data-id=\"7b042cc\" data-element_type=\"widget\" data-e-type=\"widget\" data-widget_type=\"text-editor.default\">\n\t\t\t\t<div class=\"elementor-widget-container\">\n\t\t\t\t\t\t\t\t\t<p>Our painting stretchers are the perfect choice for both professional artists and amateurs.<\/p>\t\t\t\t\t\t\t\t<\/div>\n\t\t\t\t<\/div>\n\t\t\t\t<\/div>\n\t\t\t\t\t<\/div>\n\t\t\t\t<\/div>\n\t\t\t\t<section class=\"elementor-section elementor-top-section elementor-element elementor-element-4c357f4f elementor-section-content-middle elementor-reverse-mobile ct-section-stretched elementor-section-boxed elementor-section-height-default elementor-section-height-default\" data-id=\"4c357f4f\" data-element_type=\"section\" data-e-type=\"section\" data-settings=\"{&quot;background_background&quot;:&quot;classic&quot;}\">\n\t\t\t\t\t\t<div class=\"elementor-container elementor-column-gap-wide\">\n\t\t\t\t\t<div class=\"elementor-column elementor-col-50 elementor-top-column elementor-element elementor-element-172b1e27\" data-id=\"172b1e27\" data-element_type=\"column\" data-e-type=\"column\">\n\t\t\t<div class=\"elementor-widget-wrap elementor-element-populated\">\n\t\t\t\t\t\t<div class=\"elementor-element elementor-element-55e89246 elementor-widget elementor-widget-text-editor\" data-id=\"55e89246\" data-element_type=\"widget\" data-e-type=\"widget\" data-widget_type=\"text-editor.default\">\n\t\t\t\t<div class=\"elementor-widget-container\">\n\t\t\t\t\t\t\t\t\t<p>For canvas framing, we use classic stretcher bars that stand out due to their dovetailed joints and the use of wedges. This type of solution allows for precise adjustment of the canvas tension, which is crucial for the stability and durability of the final artwork.<\/p><p>Our stretchers are made from high-quality wood, ensuring durability and resistance to deformation. The careful selection of profile dimensions allows us to customize the stretcher to various formats and requirements of artists. For larger sizes, we use additional crossbars to reinforce the structure, ensuring its durability even under extreme usage conditions.<\/p><p>Stretching canvases over stretchers is a precise process requiring experience and attention to detail. In our workshop, we ensure every detail is attended to \u2013 from even canvas tension to proper attachment. This approach allows the finished artwork to maintain its shape and aesthetic appeal for many years.<\/p>\t\t\t\t\t\t\t\t<\/div>\n\t\t\t\t<\/div>\n\t\t\t\t\t<\/div>\n\t\t<\/div>\n\t\t\t\t<div class=\"elementor-column elementor-col-50 elementor-top-column elementor-element elementor-element-10e2e8f7 elementor-invisible\" data-id=\"10e2e8f7\" data-element_type=\"column\" data-e-type=\"column\" data-settings=\"{&quot;background_background&quot;:&quot;classic&quot;,&quot;animation&quot;:&quot;fadeIn&quot;}\">\n\t\t\t<div class=\"elementor-widget-wrap elementor-element-populated\">\n\t\t\t\t\t\t<div class=\"elementor-element elementor-element-44ea9c2b elementor-widget elementor-widget-image\" data-id=\"44ea9c2b\" data-element_type=\"widget\" data-e-type=\"widget\" data-widget_type=\"image.default\">\n\t\t\t\t<div class=\"elementor-widget-container\">\n\t\t\t\t\t\t\t\t\t\t\t\t\t\t\t<img fetchpriority=\"high\" decoding=\"async\" width=\"1024\" height=\"683\" src=\"https:\/\/krawczykstudio.pl\/wp-content\/uploads\/2024\/12\/im4-1024x683.jpg\" class=\"attachment-large size-large wp-image-2408\" alt=\"\" srcset=\"https:\/\/krawczykstudio.pl\/wp-content\/uploads\/2024\/12\/im4-1024x683.jpg 1024w, https:\/\/krawczykstudio.pl\/wp-content\/uploads\/2024\/12\/im4-300x200.jpg 300w, https:\/\/krawczykstudio.pl\/wp-content\/uploads\/2024\/12\/im4-768x512.jpg 768w, https:\/\/krawczykstudio.pl\/wp-content\/uploads\/2024\/12\/im4-1536x1024.jpg 1536w, https:\/\/krawczykstudio.pl\/wp-content\/uploads\/2024\/12\/im4-2048x1365.jpg 2048w, https:\/\/krawczykstudio.pl\/wp-content\/uploads\/2024\/12\/im4-18x12.jpg 18w\" sizes=\"(max-width: 1024px) 100vw, 1024px\" \/>\t\t\t\t\t\t\t\t\t\t\t\t\t\t\t<\/div>\n\t\t\t\t<\/div>\n\t\t\t\t\t<\/div>\n\t\t<\/div>\n\t\t\t\t\t<\/div>\n\t\t<\/section>\n\t\t\t\t<\/div>","protected":false},"excerpt":{"rendered":"<p>Krosna malarskie \u2013 naci\u0105ganie p\u0142\u00f3cien Nasze krosna malarskie to idealny wyb\u00f3r zar\u00f3wno dla profesjonalnych artyst\u00f3w, jak i amator\u00f3w. Do oprawy p\u0142\u00f3cien stosujemy blejtramy w klasycznej formie, kt\u00f3re wyr\u00f3\u017cniaj\u0105 si\u0119 frezowanym po\u0142\u0105czeniem i zastosowaniem klin\u00f3w. Tego typu rozwi\u0105zanie zapewnia mo\u017cliwo\u015b\u0107 precyzyjnego dopasowania napi\u0119cia p\u0142\u00f3tna, co jest kluczowe dla stabilno\u015bci i trwa\u0142o\u015bci ko\u0144cowego dzie\u0142a. Nasze blejtramy s\u0105 [&hellip;]<\/p>","protected":false},"author":2,"featured_media":0,"parent":0,"menu_order":0,"comment_status":"closed","ping_status":"closed","template":"","meta":{"footnotes":""},"class_list":["post-1097","page","type-page","status-publish","hentry"],"blocksy_meta":[],"yoast_head":"<!-- This site is optimized with the Yoast SEO plugin v27.5 - https:\/\/yoast.com\/product\/yoast-seo-wordpress\/ -->\n<title>Krosna malarskie \u2013 naci\u0105ganie p\u0142\u00f3cien | Krawczyk Studio<\/title>\n<meta name=\"description\" content=\"Zajmujemy si\u0119 profesjonalnym naci\u0105ganiem p\u0142\u00f3cien na krosna malarskie. Oferujemy stabilne blejtramy z najwy\u017cszej jako\u015bci drewna.\" \/>\n<meta name=\"robots\" content=\"index, follow, max-snippet:-1, max-image-preview:large, max-video-preview:-1\" \/>\n<link rel=\"canonical\" href=\"https:\/\/krawczykstudio.pl\/en\/krosna-malarskie\/\" \/>\n<meta property=\"og:locale\" content=\"en_US\" \/>\n<meta property=\"og:type\" content=\"article\" \/>\n<meta property=\"og:title\" content=\"Krosna malarskie \u2013 naci\u0105ganie p\u0142\u00f3cien | Krawczyk Studio\" \/>\n<meta property=\"og:description\" content=\"Zajmujemy si\u0119 profesjonalnym naci\u0105ganiem p\u0142\u00f3cien na krosna malarskie. Oferujemy stabilne blejtramy z najwy\u017cszej jako\u015bci drewna.\" \/>\n<meta property=\"og:url\" content=\"https:\/\/krawczykstudio.pl\/en\/krosna-malarskie\/\" \/>\n<meta property=\"og:site_name\" content=\"Krawczyk Studio\" \/>\n<meta property=\"article:modified_time\" content=\"2024-12-17T17:49:40+00:00\" \/>\n<meta property=\"og:image\" content=\"https:\/\/krawczykstudio.pl\/wp-content\/uploads\/2024\/12\/im4-scaled.jpg\" \/>\n\t<meta property=\"og:image:width\" content=\"2560\" \/>\n\t<meta property=\"og:image:height\" content=\"1707\" \/>\n\t<meta property=\"og:image:type\" content=\"image\/jpeg\" \/>\n<meta name=\"twitter:card\" content=\"summary_large_image\" \/>\n<meta name=\"twitter:label1\" content=\"Est. reading time\" \/>\n\t<meta name=\"twitter:data1\" content=\"2 minutes\" \/>\n<script type=\"application\/ld+json\" class=\"yoast-schema-graph\">{\"@context\":\"https:\\\/\\\/schema.org\",\"@graph\":[{\"@type\":\"WebPage\",\"@id\":\"https:\\\/\\\/krawczykstudio.pl\\\/krosna-malarskie\\\/\",\"url\":\"https:\\\/\\\/krawczykstudio.pl\\\/krosna-malarskie\\\/\",\"name\":\"Krosna malarskie \u2013 naci\u0105ganie p\u0142\u00f3cien | Krawczyk Studio\",\"isPartOf\":{\"@id\":\"https:\\\/\\\/krawczykstudio.pl\\\/#website\"},\"primaryImageOfPage\":{\"@id\":\"https:\\\/\\\/krawczykstudio.pl\\\/krosna-malarskie\\\/#primaryimage\"},\"image\":{\"@id\":\"https:\\\/\\\/krawczykstudio.pl\\\/krosna-malarskie\\\/#primaryimage\"},\"thumbnailUrl\":\"https:\\\/\\\/krawczykstudio.pl\\\/wp-content\\\/uploads\\\/2024\\\/12\\\/im4-1024x683.jpg\",\"datePublished\":\"2024-11-29T16:09:14+00:00\",\"dateModified\":\"2024-12-17T17:49:40+00:00\",\"description\":\"Zajmujemy si\u0119 profesjonalnym naci\u0105ganiem p\u0142\u00f3cien na krosna malarskie. Oferujemy stabilne blejtramy z najwy\u017cszej jako\u015bci drewna.\",\"breadcrumb\":{\"@id\":\"https:\\\/\\\/krawczykstudio.pl\\\/krosna-malarskie\\\/#breadcrumb\"},\"inLanguage\":\"en-US\",\"potentialAction\":[{\"@type\":\"ReadAction\",\"target\":[\"https:\\\/\\\/krawczykstudio.pl\\\/krosna-malarskie\\\/\"]}]},{\"@type\":\"ImageObject\",\"inLanguage\":\"en-US\",\"@id\":\"https:\\\/\\\/krawczykstudio.pl\\\/krosna-malarskie\\\/#primaryimage\",\"url\":\"https:\\\/\\\/krawczykstudio.pl\\\/wp-content\\\/uploads\\\/2024\\\/12\\\/im4-1024x683.jpg\",\"contentUrl\":\"https:\\\/\\\/krawczykstudio.pl\\\/wp-content\\\/uploads\\\/2024\\\/12\\\/im4-1024x683.jpg\"},{\"@type\":\"BreadcrumbList\",\"@id\":\"https:\\\/\\\/krawczykstudio.pl\\\/krosna-malarskie\\\/#breadcrumb\",\"itemListElement\":[{\"@type\":\"ListItem\",\"position\":1,\"name\":\"Strona g\u0142\u00f3wna\",\"item\":\"https:\\\/\\\/krawczykstudio.pl\\\/\"},{\"@type\":\"ListItem\",\"position\":2,\"name\":\"Krosna malarskie\"}]},{\"@type\":\"WebSite\",\"@id\":\"https:\\\/\\\/krawczykstudio.pl\\\/#website\",\"url\":\"https:\\\/\\\/krawczykstudio.pl\\\/\",\"name\":\"Krawczyk Studio - Pracownia Ramiarska\",\"description\":\"Pracownia ramiarska w Warszawie\",\"publisher\":{\"@id\":\"https:\\\/\\\/krawczykstudio.pl\\\/#organization\"},\"alternateName\":\"Krawczyk Studio\",\"potentialAction\":[{\"@type\":\"SearchAction\",\"target\":{\"@type\":\"EntryPoint\",\"urlTemplate\":\"https:\\\/\\\/krawczykstudio.pl\\\/?s={search_term_string}\"},\"query-input\":{\"@type\":\"PropertyValueSpecification\",\"valueRequired\":true,\"valueName\":\"search_term_string\"}}],\"inLanguage\":\"en-US\"},{\"@type\":\"Organization\",\"@id\":\"https:\\\/\\\/krawczykstudio.pl\\\/#organization\",\"name\":\"Krawczyk Studio\",\"url\":\"https:\\\/\\\/krawczykstudio.pl\\\/\",\"logo\":{\"@type\":\"ImageObject\",\"inLanguage\":\"en-US\",\"@id\":\"https:\\\/\\\/krawczykstudio.pl\\\/#\\\/schema\\\/logo\\\/image\\\/\",\"url\":\"https:\\\/\\\/krawczykstudio.pl\\\/wp-content\\\/uploads\\\/2024\\\/11\\\/LogoKs.png\",\"contentUrl\":\"https:\\\/\\\/krawczykstudio.pl\\\/wp-content\\\/uploads\\\/2024\\\/11\\\/LogoKs.png\",\"width\":194,\"height\":67,\"caption\":\"Krawczyk Studio\"},\"image\":{\"@id\":\"https:\\\/\\\/krawczykstudio.pl\\\/#\\\/schema\\\/logo\\\/image\\\/\"}}]}<\/script>\n<!-- \/ Yoast SEO plugin. -->","yoast_head_json":{"title":"Krosna malarskie \u2013 naci\u0105ganie p\u0142\u00f3cien | Krawczyk Studio","description":"Zajmujemy si\u0119 profesjonalnym naci\u0105ganiem p\u0142\u00f3cien na krosna malarskie. Oferujemy stabilne blejtramy z najwy\u017cszej jako\u015bci drewna.","robots":{"index":"index","follow":"follow","max-snippet":"max-snippet:-1","max-image-preview":"max-image-preview:large","max-video-preview":"max-video-preview:-1"},"canonical":"https:\/\/krawczykstudio.pl\/en\/krosna-malarskie\/","og_locale":"en_US","og_type":"article","og_title":"Krosna malarskie \u2013 naci\u0105ganie p\u0142\u00f3cien | Krawczyk Studio","og_description":"Zajmujemy si\u0119 profesjonalnym naci\u0105ganiem p\u0142\u00f3cien na krosna malarskie. Oferujemy stabilne blejtramy z najwy\u017cszej jako\u015bci drewna.","og_url":"https:\/\/krawczykstudio.pl\/en\/krosna-malarskie\/","og_site_name":"Krawczyk Studio","article_modified_time":"2024-12-17T17:49:40+00:00","og_image":[{"width":2560,"height":1707,"url":"https:\/\/krawczykstudio.pl\/wp-content\/uploads\/2024\/12\/im4-scaled.jpg","type":"image\/jpeg"}],"twitter_card":"summary_large_image","twitter_misc":{"Est. reading time":"2 minutes"},"schema":{"@context":"https:\/\/schema.org","@graph":[{"@type":"WebPage","@id":"https:\/\/krawczykstudio.pl\/krosna-malarskie\/","url":"https:\/\/krawczykstudio.pl\/krosna-malarskie\/","name":"Krosna malarskie \u2013 naci\u0105ganie p\u0142\u00f3cien | Krawczyk Studio","isPartOf":{"@id":"https:\/\/krawczykstudio.pl\/#website"},"primaryImageOfPage":{"@id":"https:\/\/krawczykstudio.pl\/krosna-malarskie\/#primaryimage"},"image":{"@id":"https:\/\/krawczykstudio.pl\/krosna-malarskie\/#primaryimage"},"thumbnailUrl":"https:\/\/krawczykstudio.pl\/wp-content\/uploads\/2024\/12\/im4-1024x683.jpg","datePublished":"2024-11-29T16:09:14+00:00","dateModified":"2024-12-17T17:49:40+00:00","description":"Zajmujemy si\u0119 profesjonalnym naci\u0105ganiem p\u0142\u00f3cien na krosna malarskie. Oferujemy stabilne blejtramy z najwy\u017cszej jako\u015bci drewna.","breadcrumb":{"@id":"https:\/\/krawczykstudio.pl\/krosna-malarskie\/#breadcrumb"},"inLanguage":"en-US","potentialAction":[{"@type":"ReadAction","target":["https:\/\/krawczykstudio.pl\/krosna-malarskie\/"]}]},{"@type":"ImageObject","inLanguage":"en-US","@id":"https:\/\/krawczykstudio.pl\/krosna-malarskie\/#primaryimage","url":"https:\/\/krawczykstudio.pl\/wp-content\/uploads\/2024\/12\/im4-1024x683.jpg","contentUrl":"https:\/\/krawczykstudio.pl\/wp-content\/uploads\/2024\/12\/im4-1024x683.jpg"},{"@type":"BreadcrumbList","@id":"https:\/\/krawczykstudio.pl\/krosna-malarskie\/#breadcrumb","itemListElement":[{"@type":"ListItem","position":1,"name":"Strona g\u0142\u00f3wna","item":"https:\/\/krawczykstudio.pl\/"},{"@type":"ListItem","position":2,"name":"Krosna malarskie"}]},{"@type":"WebSite","@id":"https:\/\/krawczykstudio.pl\/#website","url":"https:\/\/krawczykstudio.pl\/","name":"Krawczyk Studio - Pracownia Ramiarska","description":"Pracownia ramiarska w Warszawie","publisher":{"@id":"https:\/\/krawczykstudio.pl\/#organization"},"alternateName":"Krawczyk Studio","potentialAction":[{"@type":"SearchAction","target":{"@type":"EntryPoint","urlTemplate":"https:\/\/krawczykstudio.pl\/?s={search_term_string}"},"query-input":{"@type":"PropertyValueSpecification","valueRequired":true,"valueName":"search_term_string"}}],"inLanguage":"en-US"},{"@type":"Organization","@id":"https:\/\/krawczykstudio.pl\/#organization","name":"Krawczyk Studio","url":"https:\/\/krawczykstudio.pl\/","logo":{"@type":"ImageObject","inLanguage":"en-US","@id":"https:\/\/krawczykstudio.pl\/#\/schema\/logo\/image\/","url":"https:\/\/krawczykstudio.pl\/wp-content\/uploads\/2024\/11\/LogoKs.png","contentUrl":"https:\/\/krawczykstudio.pl\/wp-content\/uploads\/2024\/11\/LogoKs.png","width":194,"height":67,"caption":"Krawczyk Studio"},"image":{"@id":"https:\/\/krawczykstudio.pl\/#\/schema\/logo\/image\/"}}]}},"_links":{"self":[{"href":"https:\/\/krawczykstudio.pl\/en\/wp-json\/wp\/v2\/pages\/1097","targetHints":{"allow":["GET"]}}],"collection":[{"href":"https:\/\/krawczykstudio.pl\/en\/wp-json\/wp\/v2\/pages"}],"about":[{"href":"https:\/\/krawczykstudio.pl\/en\/wp-json\/wp\/v2\/types\/page"}],"author":[{"embeddable":true,"href":"https:\/\/krawczykstudio.pl\/en\/wp-json\/wp\/v2\/users\/2"}],"replies":[{"embeddable":true,"href":"https:\/\/krawczykstudio.pl\/en\/wp-json\/wp\/v2\/comments?post=1097"}],"version-history":[{"count":27,"href":"https:\/\/krawczykstudio.pl\/en\/wp-json\/wp\/v2\/pages\/1097\/revisions"}],"predecessor-version":[{"id":3049,"href":"https:\/\/krawczykstudio.pl\/en\/wp-json\/wp\/v2\/pages\/1097\/revisions\/3049"}],"wp:attachment":[{"href":"https:\/\/krawczykstudio.pl\/en\/wp-json\/wp\/v2\/media?parent=1097"}],"curies":[{"name":"wp","href":"https:\/\/api.w.org\/{rel}","templated":true}]}}