{"id":1091,"date":"2024-11-29T17:04:12","date_gmt":"2024-11-29T16:04:12","guid":{"rendered":"https:\/\/krawczykstudio.pl\/?page_id=1091"},"modified":"2024-12-17T18:47:57","modified_gmt":"2024-12-17T17:47:57","slug":"skanowanie","status":"publish","type":"page","link":"https:\/\/krawczykstudio.pl\/en\/skanowanie\/","title":{"rendered":"Scanning Services"},"content":{"rendered":"<div data-elementor-type=\"wp-page\" data-elementor-id=\"1091\" class=\"elementor elementor-1091\">\n\t\t\t\t<div class=\"elementor-element elementor-element-5c734ff2 e-flex e-con-boxed e-con e-parent\" data-id=\"5c734ff2\" data-element_type=\"container\" data-e-type=\"container\" data-settings=\"{&quot;background_background&quot;:&quot;classic&quot;}\">\n\t\t\t\t\t<div class=\"e-con-inner\">\n\t\t<div class=\"elementor-element elementor-element-6aefcc35 e-con-full e-flex e-con e-child\" data-id=\"6aefcc35\" data-element_type=\"container\" data-e-type=\"container\">\n\t\t\t\t<div class=\"elementor-element elementor-element-60e7afe8 elementor-invisible elementor-widget elementor-widget-heading\" data-id=\"60e7afe8\" data-element_type=\"widget\" data-e-type=\"widget\" data-settings=\"{&quot;_animation&quot;:&quot;fadeIn&quot;,&quot;_animation_delay&quot;:100}\" data-widget_type=\"heading.default\">\n\t\t\t\t<div class=\"elementor-widget-container\">\n\t\t\t\t\t<h1 class=\"elementor-heading-title elementor-size-default\">Scanning Services<\/h1>\t\t\t\t<\/div>\n\t\t\t\t<\/div>\n\t\t\t\t<div class=\"elementor-element elementor-element-292589a elementor-widget elementor-widget-text-editor\" data-id=\"292589a\" data-element_type=\"widget\" data-e-type=\"widget\" data-widget_type=\"text-editor.default\">\n\t\t\t\t<div class=\"elementor-widget-container\">\n\t\t\t\t\t\t\t\t\t<p>At Krawczyk Studio, we offer professional scanning services for photos and film negatives using the reliable EPSON Perfection V850 Pro scanner, ensuring excellent quality and precise detail reproduction.\u00a0<\/p>\t\t\t\t\t\t\t\t<\/div>\n\t\t\t\t<\/div>\n\t\t\t\t<\/div>\n\t\t\t\t\t<\/div>\n\t\t\t\t<\/div>\n\t\t\t\t<section class=\"elementor-section elementor-top-section elementor-element elementor-element-5c7877ca elementor-section-content-middle elementor-reverse-mobile ct-section-stretched elementor-section-boxed elementor-section-height-default elementor-section-height-default\" data-id=\"5c7877ca\" data-element_type=\"section\" data-e-type=\"section\" data-settings=\"{&quot;background_background&quot;:&quot;classic&quot;}\">\n\t\t\t\t\t\t<div class=\"elementor-container elementor-column-gap-wide\">\n\t\t\t\t\t<div class=\"elementor-column elementor-col-50 elementor-top-column elementor-element elementor-element-42786378\" data-id=\"42786378\" data-element_type=\"column\" data-e-type=\"column\">\n\t\t\t<div class=\"elementor-widget-wrap elementor-element-populated\">\n\t\t\t\t\t\t<div class=\"elementor-element elementor-element-830f56b elementor-widget elementor-widget-text-editor\" data-id=\"830f56b\" data-element_type=\"widget\" data-e-type=\"widget\" data-widget_type=\"text-editor.default\">\n\t\t\t\t<div class=\"elementor-widget-container\">\n\t\t\t\t\t\t\t\t\t<p>If you wish to frame your old photographs while preserving the originals in your archive, we propose scanning them with the EPSON Perfection V850 Pro and then printing them on the highest quality materials in the same or enlarged format.<\/p><p>The maximum scanning size for photos is A4, or 216\/297 mm, and scanning of negatives can be done up to 8\/10 inches.<\/p><p>Using Digital ICE technology, the scanner automatically removes imperfections such as dust, hair, scratches, and fingerprints from both negatives and photos.<\/p><p>Thanks to its dual lens system that automatically switches between resolutions, we can achieve up to 6400 x 9600 DPI when scanning negatives and 4800 x 9600 DPI for photos, ensuring highly detailed images. Additionally, the 48-bit color depth and 16-bit grayscale provide excellent tonal reproduction, allowing even the finest nuances and tonal transitions to be clearly visible.<br \/><br \/>Regardless of whether you want to preserve your archival photographs or need high-resolution scans of negatives, you can trust our expertise.<\/p>\t\t\t\t\t\t\t\t<\/div>\n\t\t\t\t<\/div>\n\t\t\t\t\t<\/div>\n\t\t<\/div>\n\t\t\t\t<div class=\"elementor-column elementor-col-50 elementor-top-column elementor-element elementor-element-a5e9be elementor-invisible\" data-id=\"a5e9be\" data-element_type=\"column\" data-e-type=\"column\" data-settings=\"{&quot;background_background&quot;:&quot;classic&quot;,&quot;animation&quot;:&quot;fadeIn&quot;}\">\n\t\t\t<div class=\"elementor-widget-wrap elementor-element-populated\">\n\t\t\t\t\t\t<div class=\"elementor-element elementor-element-50cc4880 elementor-widget elementor-widget-image\" data-id=\"50cc4880\" data-element_type=\"widget\" data-e-type=\"widget\" data-widget_type=\"image.default\">\n\t\t\t\t<div class=\"elementor-widget-container\">\n\t\t\t\t\t\t\t\t\t\t\t\t\t\t\t<img fetchpriority=\"high\" decoding=\"async\" width=\"1024\" height=\"683\" src=\"https:\/\/krawczykstudio.pl\/wp-content\/uploads\/2024\/12\/im5-1024x683.jpg\" class=\"attachment-large size-large wp-image-2410\" alt=\"wydruki na papierach i p\u0142\u00f3tnach\" srcset=\"https:\/\/krawczykstudio.pl\/wp-content\/uploads\/2024\/12\/im5-1024x683.jpg 1024w, https:\/\/krawczykstudio.pl\/wp-content\/uploads\/2024\/12\/im5-300x200.jpg 300w, https:\/\/krawczykstudio.pl\/wp-content\/uploads\/2024\/12\/im5-768x512.jpg 768w, https:\/\/krawczykstudio.pl\/wp-content\/uploads\/2024\/12\/im5-1536x1024.jpg 1536w, https:\/\/krawczykstudio.pl\/wp-content\/uploads\/2024\/12\/im5-2048x1365.jpg 2048w, https:\/\/krawczykstudio.pl\/wp-content\/uploads\/2024\/12\/im5-18x12.jpg 18w\" sizes=\"(max-width: 1024px) 100vw, 1024px\" \/>\t\t\t\t\t\t\t\t\t\t\t\t\t\t\t<\/div>\n\t\t\t\t<\/div>\n\t\t\t\t\t<\/div>\n\t\t<\/div>\n\t\t\t\t\t<\/div>\n\t\t<\/section>\n\t\t\t\t<\/div>","protected":false},"excerpt":{"rendered":"<p>Skanowanie W Krawczyk Studio oferujemy profesjonalne us\u0142ugi skanowania zdj\u0119\u0107 i klisz. Korzystamy z niezawodnego skanera EPSON Perfection V850 Pro, kt\u00f3ry gwarantuje doskona\u0142\u0105 jako\u015b\u0107 i precyzyjne odwzorowanie detali.\u00a0 Je\u015bli zechc\u0105 Pa\u0144stwo oprawi\u0107 swoje stare fotografie, jednocze\u015bnie zachowuj\u0105c w swoim archiwum orygina\u0142y, proponujemy us\u0142ug\u0119 skanowania przy u\u017cyciu niezawodnego skanera EPSON\u00a0 Perfection V850 Pro, a nast\u0119pnie ich wydruk [&hellip;]<\/p>","protected":false},"author":2,"featured_media":0,"parent":0,"menu_order":0,"comment_status":"closed","ping_status":"closed","template":"","meta":{"footnotes":""},"class_list":["post-1091","page","type-page","status-publish","hentry"],"blocksy_meta":[],"yoast_head":"<!-- This site is optimized with the Yoast SEO plugin v27.5 - https:\/\/yoast.com\/product\/yoast-seo-wordpress\/ -->\n<title>Skanowanie zdj\u0119\u0107 i klisz \u2013 najwy\u017csza jako\u015b\u0107 w Krawczyk Studio<\/title>\n<meta name=\"description\" content=\"Oferujemy profesjonalne skanowanie zdj\u0119\u0107 i klisz z rozdzielczo\u015bci\u0105 do 6400 x 9600 DPI. Zachowaj swoje wspomnienia w najwy\u017cszej jako\u015bci.\" \/>\n<meta name=\"robots\" content=\"index, follow, max-snippet:-1, max-image-preview:large, max-video-preview:-1\" \/>\n<link rel=\"canonical\" href=\"https:\/\/krawczykstudio.pl\/en\/skanowanie\/\" \/>\n<meta property=\"og:locale\" content=\"en_US\" \/>\n<meta property=\"og:type\" content=\"article\" \/>\n<meta property=\"og:title\" content=\"Skanowanie zdj\u0119\u0107 i klisz \u2013 najwy\u017csza jako\u015b\u0107 w Krawczyk Studio\" \/>\n<meta property=\"og:description\" content=\"Oferujemy profesjonalne skanowanie zdj\u0119\u0107 i klisz z rozdzielczo\u015bci\u0105 do 6400 x 9600 DPI. Zachowaj swoje wspomnienia w najwy\u017cszej jako\u015bci.\" \/>\n<meta property=\"og:url\" content=\"https:\/\/krawczykstudio.pl\/en\/skanowanie\/\" \/>\n<meta property=\"og:site_name\" content=\"Krawczyk Studio\" \/>\n<meta property=\"article:modified_time\" content=\"2024-12-17T17:47:57+00:00\" \/>\n<meta property=\"og:image\" content=\"https:\/\/krawczykstudio.pl\/wp-content\/uploads\/2024\/12\/im5-1024x683.jpg\" \/>\n<meta name=\"twitter:card\" content=\"summary_large_image\" \/>\n<meta name=\"twitter:label1\" content=\"Est. reading time\" \/>\n\t<meta name=\"twitter:data1\" content=\"2 minutes\" \/>\n<script type=\"application\/ld+json\" class=\"yoast-schema-graph\">{\"@context\":\"https:\\\/\\\/schema.org\",\"@graph\":[{\"@type\":\"WebPage\",\"@id\":\"https:\\\/\\\/krawczykstudio.pl\\\/skanowanie\\\/\",\"url\":\"https:\\\/\\\/krawczykstudio.pl\\\/skanowanie\\\/\",\"name\":\"Skanowanie zdj\u0119\u0107 i klisz \u2013 najwy\u017csza jako\u015b\u0107 w Krawczyk Studio\",\"isPartOf\":{\"@id\":\"https:\\\/\\\/krawczykstudio.pl\\\/#website\"},\"primaryImageOfPage\":{\"@id\":\"https:\\\/\\\/krawczykstudio.pl\\\/skanowanie\\\/#primaryimage\"},\"image\":{\"@id\":\"https:\\\/\\\/krawczykstudio.pl\\\/skanowanie\\\/#primaryimage\"},\"thumbnailUrl\":\"https:\\\/\\\/krawczykstudio.pl\\\/wp-content\\\/uploads\\\/2024\\\/12\\\/im5-1024x683.jpg\",\"datePublished\":\"2024-11-29T16:04:12+00:00\",\"dateModified\":\"2024-12-17T17:47:57+00:00\",\"description\":\"Oferujemy profesjonalne skanowanie zdj\u0119\u0107 i klisz z rozdzielczo\u015bci\u0105 do 6400 x 9600 DPI. Zachowaj swoje wspomnienia w najwy\u017cszej jako\u015bci.\",\"breadcrumb\":{\"@id\":\"https:\\\/\\\/krawczykstudio.pl\\\/skanowanie\\\/#breadcrumb\"},\"inLanguage\":\"en-US\",\"potentialAction\":[{\"@type\":\"ReadAction\",\"target\":[\"https:\\\/\\\/krawczykstudio.pl\\\/skanowanie\\\/\"]}]},{\"@type\":\"ImageObject\",\"inLanguage\":\"en-US\",\"@id\":\"https:\\\/\\\/krawczykstudio.pl\\\/skanowanie\\\/#primaryimage\",\"url\":\"https:\\\/\\\/krawczykstudio.pl\\\/wp-content\\\/uploads\\\/2024\\\/12\\\/im5-1024x683.jpg\",\"contentUrl\":\"https:\\\/\\\/krawczykstudio.pl\\\/wp-content\\\/uploads\\\/2024\\\/12\\\/im5-1024x683.jpg\"},{\"@type\":\"BreadcrumbList\",\"@id\":\"https:\\\/\\\/krawczykstudio.pl\\\/skanowanie\\\/#breadcrumb\",\"itemListElement\":[{\"@type\":\"ListItem\",\"position\":1,\"name\":\"Strona g\u0142\u00f3wna\",\"item\":\"https:\\\/\\\/krawczykstudio.pl\\\/\"},{\"@type\":\"ListItem\",\"position\":2,\"name\":\"Skanowanie\"}]},{\"@type\":\"WebSite\",\"@id\":\"https:\\\/\\\/krawczykstudio.pl\\\/#website\",\"url\":\"https:\\\/\\\/krawczykstudio.pl\\\/\",\"name\":\"Krawczyk Studio - Pracownia Ramiarska\",\"description\":\"Pracownia ramiarska w Warszawie\",\"publisher\":{\"@id\":\"https:\\\/\\\/krawczykstudio.pl\\\/#organization\"},\"alternateName\":\"Krawczyk Studio\",\"potentialAction\":[{\"@type\":\"SearchAction\",\"target\":{\"@type\":\"EntryPoint\",\"urlTemplate\":\"https:\\\/\\\/krawczykstudio.pl\\\/?s={search_term_string}\"},\"query-input\":{\"@type\":\"PropertyValueSpecification\",\"valueRequired\":true,\"valueName\":\"search_term_string\"}}],\"inLanguage\":\"en-US\"},{\"@type\":\"Organization\",\"@id\":\"https:\\\/\\\/krawczykstudio.pl\\\/#organization\",\"name\":\"Krawczyk Studio\",\"url\":\"https:\\\/\\\/krawczykstudio.pl\\\/\",\"logo\":{\"@type\":\"ImageObject\",\"inLanguage\":\"en-US\",\"@id\":\"https:\\\/\\\/krawczykstudio.pl\\\/#\\\/schema\\\/logo\\\/image\\\/\",\"url\":\"https:\\\/\\\/krawczykstudio.pl\\\/wp-content\\\/uploads\\\/2024\\\/11\\\/LogoKs.png\",\"contentUrl\":\"https:\\\/\\\/krawczykstudio.pl\\\/wp-content\\\/uploads\\\/2024\\\/11\\\/LogoKs.png\",\"width\":194,\"height\":67,\"caption\":\"Krawczyk Studio\"},\"image\":{\"@id\":\"https:\\\/\\\/krawczykstudio.pl\\\/#\\\/schema\\\/logo\\\/image\\\/\"}}]}<\/script>\n<!-- \/ Yoast SEO plugin. -->","yoast_head_json":{"title":"Skanowanie zdj\u0119\u0107 i klisz \u2013 najwy\u017csza jako\u015b\u0107 w Krawczyk Studio","description":"Oferujemy profesjonalne skanowanie zdj\u0119\u0107 i klisz z rozdzielczo\u015bci\u0105 do 6400 x 9600 DPI. Zachowaj swoje wspomnienia w najwy\u017cszej jako\u015bci.","robots":{"index":"index","follow":"follow","max-snippet":"max-snippet:-1","max-image-preview":"max-image-preview:large","max-video-preview":"max-video-preview:-1"},"canonical":"https:\/\/krawczykstudio.pl\/en\/skanowanie\/","og_locale":"en_US","og_type":"article","og_title":"Skanowanie zdj\u0119\u0107 i klisz \u2013 najwy\u017csza jako\u015b\u0107 w Krawczyk Studio","og_description":"Oferujemy profesjonalne skanowanie zdj\u0119\u0107 i klisz z rozdzielczo\u015bci\u0105 do 6400 x 9600 DPI. Zachowaj swoje wspomnienia w najwy\u017cszej jako\u015bci.","og_url":"https:\/\/krawczykstudio.pl\/en\/skanowanie\/","og_site_name":"Krawczyk Studio","article_modified_time":"2024-12-17T17:47:57+00:00","og_image":[{"url":"https:\/\/krawczykstudio.pl\/wp-content\/uploads\/2024\/12\/im5-1024x683.jpg","type":"","width":"","height":""}],"twitter_card":"summary_large_image","twitter_misc":{"Est. reading time":"2 minutes"},"schema":{"@context":"https:\/\/schema.org","@graph":[{"@type":"WebPage","@id":"https:\/\/krawczykstudio.pl\/skanowanie\/","url":"https:\/\/krawczykstudio.pl\/skanowanie\/","name":"Skanowanie zdj\u0119\u0107 i klisz \u2013 najwy\u017csza jako\u015b\u0107 w Krawczyk Studio","isPartOf":{"@id":"https:\/\/krawczykstudio.pl\/#website"},"primaryImageOfPage":{"@id":"https:\/\/krawczykstudio.pl\/skanowanie\/#primaryimage"},"image":{"@id":"https:\/\/krawczykstudio.pl\/skanowanie\/#primaryimage"},"thumbnailUrl":"https:\/\/krawczykstudio.pl\/wp-content\/uploads\/2024\/12\/im5-1024x683.jpg","datePublished":"2024-11-29T16:04:12+00:00","dateModified":"2024-12-17T17:47:57+00:00","description":"Oferujemy profesjonalne skanowanie zdj\u0119\u0107 i klisz z rozdzielczo\u015bci\u0105 do 6400 x 9600 DPI. Zachowaj swoje wspomnienia w najwy\u017cszej jako\u015bci.","breadcrumb":{"@id":"https:\/\/krawczykstudio.pl\/skanowanie\/#breadcrumb"},"inLanguage":"en-US","potentialAction":[{"@type":"ReadAction","target":["https:\/\/krawczykstudio.pl\/skanowanie\/"]}]},{"@type":"ImageObject","inLanguage":"en-US","@id":"https:\/\/krawczykstudio.pl\/skanowanie\/#primaryimage","url":"https:\/\/krawczykstudio.pl\/wp-content\/uploads\/2024\/12\/im5-1024x683.jpg","contentUrl":"https:\/\/krawczykstudio.pl\/wp-content\/uploads\/2024\/12\/im5-1024x683.jpg"},{"@type":"BreadcrumbList","@id":"https:\/\/krawczykstudio.pl\/skanowanie\/#breadcrumb","itemListElement":[{"@type":"ListItem","position":1,"name":"Strona g\u0142\u00f3wna","item":"https:\/\/krawczykstudio.pl\/"},{"@type":"ListItem","position":2,"name":"Skanowanie"}]},{"@type":"WebSite","@id":"https:\/\/krawczykstudio.pl\/#website","url":"https:\/\/krawczykstudio.pl\/","name":"Krawczyk Studio - Pracownia Ramiarska","description":"Pracownia ramiarska w Warszawie","publisher":{"@id":"https:\/\/krawczykstudio.pl\/#organization"},"alternateName":"Krawczyk Studio","potentialAction":[{"@type":"SearchAction","target":{"@type":"EntryPoint","urlTemplate":"https:\/\/krawczykstudio.pl\/?s={search_term_string}"},"query-input":{"@type":"PropertyValueSpecification","valueRequired":true,"valueName":"search_term_string"}}],"inLanguage":"en-US"},{"@type":"Organization","@id":"https:\/\/krawczykstudio.pl\/#organization","name":"Krawczyk Studio","url":"https:\/\/krawczykstudio.pl\/","logo":{"@type":"ImageObject","inLanguage":"en-US","@id":"https:\/\/krawczykstudio.pl\/#\/schema\/logo\/image\/","url":"https:\/\/krawczykstudio.pl\/wp-content\/uploads\/2024\/11\/LogoKs.png","contentUrl":"https:\/\/krawczykstudio.pl\/wp-content\/uploads\/2024\/11\/LogoKs.png","width":194,"height":67,"caption":"Krawczyk Studio"},"image":{"@id":"https:\/\/krawczykstudio.pl\/#\/schema\/logo\/image\/"}}]}},"_links":{"self":[{"href":"https:\/\/krawczykstudio.pl\/en\/wp-json\/wp\/v2\/pages\/1091","targetHints":{"allow":["GET"]}}],"collection":[{"href":"https:\/\/krawczykstudio.pl\/en\/wp-json\/wp\/v2\/pages"}],"about":[{"href":"https:\/\/krawczykstudio.pl\/en\/wp-json\/wp\/v2\/types\/page"}],"author":[{"embeddable":true,"href":"https:\/\/krawczykstudio.pl\/en\/wp-json\/wp\/v2\/users\/2"}],"replies":[{"embeddable":true,"href":"https:\/\/krawczykstudio.pl\/en\/wp-json\/wp\/v2\/comments?post=1091"}],"version-history":[{"count":21,"href":"https:\/\/krawczykstudio.pl\/en\/wp-json\/wp\/v2\/pages\/1091\/revisions"}],"predecessor-version":[{"id":3043,"href":"https:\/\/krawczykstudio.pl\/en\/wp-json\/wp\/v2\/pages\/1091\/revisions\/3043"}],"wp:attachment":[{"href":"https:\/\/krawczykstudio.pl\/en\/wp-json\/wp\/v2\/media?parent=1091"}],"curies":[{"name":"wp","href":"https:\/\/api.w.org\/{rel}","templated":true}]}}