{"id":1073,"date":"2024-11-29T16:58:58","date_gmt":"2024-11-29T15:58:58","guid":{"rendered":"https:\/\/krawczykstudio.pl\/?page_id=1073"},"modified":"2024-12-17T14:36:28","modified_gmt":"2024-12-17T13:36:28","slug":"drukowanie","status":"publish","type":"page","link":"https:\/\/krawczykstudio.pl\/en\/drukowanie\/","title":{"rendered":"Drukowanie"},"content":{"rendered":"<div data-elementor-type=\"wp-page\" data-elementor-id=\"1073\" class=\"elementor elementor-1073\">\n\t\t\t\t<div class=\"elementor-element elementor-element-651ebc6d e-flex e-con-boxed e-con e-parent\" data-id=\"651ebc6d\" data-element_type=\"container\" data-e-type=\"container\" data-settings=\"{&quot;background_background&quot;:&quot;classic&quot;}\">\n\t\t\t\t\t<div class=\"e-con-inner\">\n\t\t<div class=\"elementor-element elementor-element-63207219 e-con-full e-flex e-con e-child\" data-id=\"63207219\" data-element_type=\"container\" data-e-type=\"container\">\n\t\t\t\t<div class=\"elementor-element elementor-element-164488b9 elementor-invisible elementor-widget elementor-widget-heading\" data-id=\"164488b9\" data-element_type=\"widget\" data-e-type=\"widget\" data-settings=\"{&quot;_animation&quot;:&quot;fadeIn&quot;,&quot;_animation_delay&quot;:100}\" data-widget_type=\"heading.default\">\n\t\t\t\t<div class=\"elementor-widget-container\">\n\t\t\t\t\t<h1 class=\"elementor-heading-title elementor-size-default\">Canvas and Paper Prints<\/h1>\t\t\t\t<\/div>\n\t\t\t\t<\/div>\n\t\t\t\t<div class=\"elementor-element elementor-element-a55b341 elementor-widget elementor-widget-text-editor\" data-id=\"a55b341\" data-element_type=\"widget\" data-e-type=\"widget\" data-widget_type=\"text-editor.default\">\n\t\t\t\t<div class=\"elementor-widget-container\">\n\t\t\t\t\t\t\t\t\t<p>Our prints are distinguished by exceptional detail and color intensity, achieved through technology that provides incredible depth and tonal richness.<\/p>\t\t\t\t\t\t\t\t<\/div>\n\t\t\t\t<\/div>\n\t\t\t\t<\/div>\n\t\t\t\t\t<\/div>\n\t\t\t\t<\/div>\n\t\t\t\t<section class=\"elementor-section elementor-top-section elementor-element elementor-element-66a3bcc elementor-section-content-middle elementor-reverse-mobile ct-section-stretched elementor-section-boxed elementor-section-height-default elementor-section-height-default\" data-id=\"66a3bcc\" data-element_type=\"section\" data-e-type=\"section\" data-settings=\"{&quot;background_background&quot;:&quot;classic&quot;}\">\n\t\t\t\t\t\t<div class=\"elementor-container elementor-column-gap-wide\">\n\t\t\t\t\t<div class=\"elementor-column elementor-col-50 elementor-top-column elementor-element elementor-element-370201e3\" data-id=\"370201e3\" data-element_type=\"column\" data-e-type=\"column\">\n\t\t\t<div class=\"elementor-widget-wrap elementor-element-populated\">\n\t\t\t\t\t\t<div class=\"elementor-element elementor-element-7868571f elementor-widget elementor-widget-text-editor\" data-id=\"7868571f\" data-element_type=\"widget\" data-e-type=\"widget\" data-widget_type=\"text-editor.default\">\n\t\t\t\t<div class=\"elementor-widget-container\">\n\t\t\t\t\t\t\t\t\t<p>For printing, we use high-quality papers and canvases from Solution, Canon, and Hahnem\u00fchle.<\/p><p>To complement our range of services, we utilize the latest 44-inch Canon imagePROGRAF Pro-4600 eco-friendly printer, which works exclusively with original LUCIA PRO II pigment inks. With 11 out of 12 colors developed from scratch, these inks produce prints with exceptional detail and color intensity. The LUCIA PRO II pigment inks enable incredible depth and tonal richness, especially important for artists and photographers.<\/p><p>Due to this printing technology, Canon guarantees a 200-year lightfastness for prints, allowing our studio to meet the stringent expectations of our clients.<\/p>\t\t\t\t\t\t\t\t<\/div>\n\t\t\t\t<\/div>\n\t\t\t\t\t<\/div>\n\t\t<\/div>\n\t\t\t\t<div class=\"elementor-column elementor-col-50 elementor-top-column elementor-element elementor-element-1c90953b elementor-invisible\" data-id=\"1c90953b\" data-element_type=\"column\" data-e-type=\"column\" data-settings=\"{&quot;background_background&quot;:&quot;classic&quot;,&quot;animation&quot;:&quot;fadeIn&quot;}\">\n\t\t\t<div class=\"elementor-widget-wrap elementor-element-populated\">\n\t\t\t\t\t\t<div class=\"elementor-element elementor-element-2871318 elementor-widget elementor-widget-image\" data-id=\"2871318\" data-element_type=\"widget\" data-e-type=\"widget\" data-widget_type=\"image.default\">\n\t\t\t\t<div class=\"elementor-widget-container\">\n\t\t\t\t\t\t\t\t\t\t\t\t\t\t\t<img fetchpriority=\"high\" decoding=\"async\" width=\"842\" height=\"1024\" src=\"https:\/\/krawczykstudio.pl\/wp-content\/uploads\/2022\/11\/IMG_6035-842x1024.jpeg\" class=\"attachment-large size-large wp-image-2745\" alt=\"\" srcset=\"https:\/\/krawczykstudio.pl\/wp-content\/uploads\/2022\/11\/IMG_6035-842x1024.jpeg 842w, https:\/\/krawczykstudio.pl\/wp-content\/uploads\/2022\/11\/IMG_6035-247x300.jpeg 247w, https:\/\/krawczykstudio.pl\/wp-content\/uploads\/2022\/11\/IMG_6035-768x934.jpeg 768w, https:\/\/krawczykstudio.pl\/wp-content\/uploads\/2022\/11\/IMG_6035-1263x1536.jpeg 1263w, https:\/\/krawczykstudio.pl\/wp-content\/uploads\/2022\/11\/IMG_6035-10x12.jpeg 10w, https:\/\/krawczykstudio.pl\/wp-content\/uploads\/2022\/11\/IMG_6035.jpeg 1536w\" sizes=\"(max-width: 842px) 100vw, 842px\" \/>\t\t\t\t\t\t\t\t\t\t\t\t\t\t\t<\/div>\n\t\t\t\t<\/div>\n\t\t\t\t\t<\/div>\n\t\t<\/div>\n\t\t\t\t\t<\/div>\n\t\t<\/section>\n\t\t\t\t<\/div>","protected":false},"excerpt":{"rendered":"<p>Wydruki na p\u0142\u00f3tnie i papierze Nasze wydruki wyr\u00f3\u017cniaj\u0105 si\u0119 wyj\u0105tkow\u0105 szczeg\u00f3\u0142owo\u015bci\u0105 i intensywno\u015bci\u0105 kolor\u00f3w, dzi\u0119ki technologii, kt\u00f3ra pozwala uzyska\u0107 niesamowit\u0105 g\u0142\u0119bi\u0119 barw i tonalno\u015b\u0107. Do drukowania u\u017cywamy najwy\u017cszej jako\u015bci papier\u00f3w i p\u0142\u00f3cien firm Solution, Canon, Hahnem\u00fchle. Dla uzupe\u0142nienia naszej oferty us\u0142ug dysponujemy najnowsz\u0105 ekologiczn\u0105 44-calow\u0105 drukark\u0105 Canon imagePROGRAF Pro-4600, pracuj\u0105c\u0105 wy\u0142\u0105cznie na oryginalnych atramentach pigmentowych [&hellip;]<\/p>","protected":false},"author":2,"featured_media":0,"parent":0,"menu_order":0,"comment_status":"closed","ping_status":"closed","template":"","meta":{"footnotes":""},"class_list":["post-1073","page","type-page","status-publish","hentry"],"blocksy_meta":[],"yoast_head":"<!-- This site is optimized with the Yoast SEO plugin v27.5 - https:\/\/yoast.com\/product\/yoast-seo-wordpress\/ -->\n<title>Wydruki na p\u0142\u00f3tnie i papierze premium | Krawczyk Studio<\/title>\n<meta name=\"description\" content=\"Oferujemy ekologiczne wydruki na p\u0142\u00f3tnie i papierze premium Hahnem\u00fchle. Technologia Canon Pro-4600 zapewnia 200-letni\u0105 trwa\u0142o\u015b\u0107.\" \/>\n<meta name=\"robots\" content=\"index, follow, max-snippet:-1, max-image-preview:large, max-video-preview:-1\" \/>\n<link rel=\"canonical\" href=\"https:\/\/krawczykstudio.pl\/en\/drukowanie\/\" \/>\n<meta property=\"og:locale\" content=\"en_US\" \/>\n<meta property=\"og:type\" content=\"article\" \/>\n<meta property=\"og:title\" content=\"Wydruki na p\u0142\u00f3tnie i papierze premium | Krawczyk Studio\" \/>\n<meta property=\"og:description\" content=\"Oferujemy ekologiczne wydruki na p\u0142\u00f3tnie i papierze premium Hahnem\u00fchle. Technologia Canon Pro-4600 zapewnia 200-letni\u0105 trwa\u0142o\u015b\u0107.\" \/>\n<meta property=\"og:url\" content=\"https:\/\/krawczykstudio.pl\/en\/drukowanie\/\" \/>\n<meta property=\"og:site_name\" content=\"Krawczyk Studio\" \/>\n<meta property=\"article:modified_time\" content=\"2024-12-17T13:36:28+00:00\" \/>\n<meta property=\"og:image\" content=\"https:\/\/krawczykstudio.pl\/wp-content\/uploads\/2022\/11\/IMG_6035.jpeg\" \/>\n\t<meta property=\"og:image:width\" content=\"1536\" \/>\n\t<meta property=\"og:image:height\" content=\"1868\" \/>\n\t<meta property=\"og:image:type\" content=\"image\/jpeg\" \/>\n<meta name=\"twitter:card\" content=\"summary_large_image\" \/>\n<meta name=\"twitter:label1\" content=\"Est. reading time\" \/>\n\t<meta name=\"twitter:data1\" content=\"1 minute\" \/>\n<script type=\"application\/ld+json\" class=\"yoast-schema-graph\">{\"@context\":\"https:\\\/\\\/schema.org\",\"@graph\":[{\"@type\":\"WebPage\",\"@id\":\"https:\\\/\\\/krawczykstudio.pl\\\/drukowanie\\\/\",\"url\":\"https:\\\/\\\/krawczykstudio.pl\\\/drukowanie\\\/\",\"name\":\"Wydruki na p\u0142\u00f3tnie i papierze premium | Krawczyk Studio\",\"isPartOf\":{\"@id\":\"https:\\\/\\\/krawczykstudio.pl\\\/#website\"},\"primaryImageOfPage\":{\"@id\":\"https:\\\/\\\/krawczykstudio.pl\\\/drukowanie\\\/#primaryimage\"},\"image\":{\"@id\":\"https:\\\/\\\/krawczykstudio.pl\\\/drukowanie\\\/#primaryimage\"},\"thumbnailUrl\":\"https:\\\/\\\/krawczykstudio.pl\\\/wp-content\\\/uploads\\\/2022\\\/11\\\/IMG_6035-842x1024.jpeg\",\"datePublished\":\"2024-11-29T15:58:58+00:00\",\"dateModified\":\"2024-12-17T13:36:28+00:00\",\"description\":\"Oferujemy ekologiczne wydruki na p\u0142\u00f3tnie i papierze premium Hahnem\u00fchle. Technologia Canon Pro-4600 zapewnia 200-letni\u0105 trwa\u0142o\u015b\u0107.\",\"breadcrumb\":{\"@id\":\"https:\\\/\\\/krawczykstudio.pl\\\/drukowanie\\\/#breadcrumb\"},\"inLanguage\":\"en-US\",\"potentialAction\":[{\"@type\":\"ReadAction\",\"target\":[\"https:\\\/\\\/krawczykstudio.pl\\\/drukowanie\\\/\"]}]},{\"@type\":\"ImageObject\",\"inLanguage\":\"en-US\",\"@id\":\"https:\\\/\\\/krawczykstudio.pl\\\/drukowanie\\\/#primaryimage\",\"url\":\"https:\\\/\\\/krawczykstudio.pl\\\/wp-content\\\/uploads\\\/2022\\\/11\\\/IMG_6035-842x1024.jpeg\",\"contentUrl\":\"https:\\\/\\\/krawczykstudio.pl\\\/wp-content\\\/uploads\\\/2022\\\/11\\\/IMG_6035-842x1024.jpeg\"},{\"@type\":\"BreadcrumbList\",\"@id\":\"https:\\\/\\\/krawczykstudio.pl\\\/drukowanie\\\/#breadcrumb\",\"itemListElement\":[{\"@type\":\"ListItem\",\"position\":1,\"name\":\"Strona g\u0142\u00f3wna\",\"item\":\"https:\\\/\\\/krawczykstudio.pl\\\/\"},{\"@type\":\"ListItem\",\"position\":2,\"name\":\"Drukowanie\"}]},{\"@type\":\"WebSite\",\"@id\":\"https:\\\/\\\/krawczykstudio.pl\\\/#website\",\"url\":\"https:\\\/\\\/krawczykstudio.pl\\\/\",\"name\":\"Krawczyk Studio - Pracownia Ramiarska\",\"description\":\"Pracownia ramiarska w Warszawie\",\"publisher\":{\"@id\":\"https:\\\/\\\/krawczykstudio.pl\\\/#organization\"},\"alternateName\":\"Krawczyk Studio\",\"potentialAction\":[{\"@type\":\"SearchAction\",\"target\":{\"@type\":\"EntryPoint\",\"urlTemplate\":\"https:\\\/\\\/krawczykstudio.pl\\\/?s={search_term_string}\"},\"query-input\":{\"@type\":\"PropertyValueSpecification\",\"valueRequired\":true,\"valueName\":\"search_term_string\"}}],\"inLanguage\":\"en-US\"},{\"@type\":\"Organization\",\"@id\":\"https:\\\/\\\/krawczykstudio.pl\\\/#organization\",\"name\":\"Krawczyk Studio\",\"url\":\"https:\\\/\\\/krawczykstudio.pl\\\/\",\"logo\":{\"@type\":\"ImageObject\",\"inLanguage\":\"en-US\",\"@id\":\"https:\\\/\\\/krawczykstudio.pl\\\/#\\\/schema\\\/logo\\\/image\\\/\",\"url\":\"https:\\\/\\\/krawczykstudio.pl\\\/wp-content\\\/uploads\\\/2024\\\/11\\\/LogoKs.png\",\"contentUrl\":\"https:\\\/\\\/krawczykstudio.pl\\\/wp-content\\\/uploads\\\/2024\\\/11\\\/LogoKs.png\",\"width\":194,\"height\":67,\"caption\":\"Krawczyk Studio\"},\"image\":{\"@id\":\"https:\\\/\\\/krawczykstudio.pl\\\/#\\\/schema\\\/logo\\\/image\\\/\"}}]}<\/script>\n<!-- \/ Yoast SEO plugin. -->","yoast_head_json":{"title":"Wydruki na p\u0142\u00f3tnie i papierze premium | Krawczyk Studio","description":"Oferujemy ekologiczne wydruki na p\u0142\u00f3tnie i papierze premium Hahnem\u00fchle. Technologia Canon Pro-4600 zapewnia 200-letni\u0105 trwa\u0142o\u015b\u0107.","robots":{"index":"index","follow":"follow","max-snippet":"max-snippet:-1","max-image-preview":"max-image-preview:large","max-video-preview":"max-video-preview:-1"},"canonical":"https:\/\/krawczykstudio.pl\/en\/drukowanie\/","og_locale":"en_US","og_type":"article","og_title":"Wydruki na p\u0142\u00f3tnie i papierze premium | Krawczyk Studio","og_description":"Oferujemy ekologiczne wydruki na p\u0142\u00f3tnie i papierze premium Hahnem\u00fchle. Technologia Canon Pro-4600 zapewnia 200-letni\u0105 trwa\u0142o\u015b\u0107.","og_url":"https:\/\/krawczykstudio.pl\/en\/drukowanie\/","og_site_name":"Krawczyk Studio","article_modified_time":"2024-12-17T13:36:28+00:00","og_image":[{"width":1536,"height":1868,"url":"https:\/\/krawczykstudio.pl\/wp-content\/uploads\/2022\/11\/IMG_6035.jpeg","type":"image\/jpeg"}],"twitter_card":"summary_large_image","twitter_misc":{"Est. reading time":"1 minute"},"schema":{"@context":"https:\/\/schema.org","@graph":[{"@type":"WebPage","@id":"https:\/\/krawczykstudio.pl\/drukowanie\/","url":"https:\/\/krawczykstudio.pl\/drukowanie\/","name":"Wydruki na p\u0142\u00f3tnie i papierze premium | Krawczyk Studio","isPartOf":{"@id":"https:\/\/krawczykstudio.pl\/#website"},"primaryImageOfPage":{"@id":"https:\/\/krawczykstudio.pl\/drukowanie\/#primaryimage"},"image":{"@id":"https:\/\/krawczykstudio.pl\/drukowanie\/#primaryimage"},"thumbnailUrl":"https:\/\/krawczykstudio.pl\/wp-content\/uploads\/2022\/11\/IMG_6035-842x1024.jpeg","datePublished":"2024-11-29T15:58:58+00:00","dateModified":"2024-12-17T13:36:28+00:00","description":"Oferujemy ekologiczne wydruki na p\u0142\u00f3tnie i papierze premium Hahnem\u00fchle. Technologia Canon Pro-4600 zapewnia 200-letni\u0105 trwa\u0142o\u015b\u0107.","breadcrumb":{"@id":"https:\/\/krawczykstudio.pl\/drukowanie\/#breadcrumb"},"inLanguage":"en-US","potentialAction":[{"@type":"ReadAction","target":["https:\/\/krawczykstudio.pl\/drukowanie\/"]}]},{"@type":"ImageObject","inLanguage":"en-US","@id":"https:\/\/krawczykstudio.pl\/drukowanie\/#primaryimage","url":"https:\/\/krawczykstudio.pl\/wp-content\/uploads\/2022\/11\/IMG_6035-842x1024.jpeg","contentUrl":"https:\/\/krawczykstudio.pl\/wp-content\/uploads\/2022\/11\/IMG_6035-842x1024.jpeg"},{"@type":"BreadcrumbList","@id":"https:\/\/krawczykstudio.pl\/drukowanie\/#breadcrumb","itemListElement":[{"@type":"ListItem","position":1,"name":"Strona g\u0142\u00f3wna","item":"https:\/\/krawczykstudio.pl\/"},{"@type":"ListItem","position":2,"name":"Drukowanie"}]},{"@type":"WebSite","@id":"https:\/\/krawczykstudio.pl\/#website","url":"https:\/\/krawczykstudio.pl\/","name":"Krawczyk Studio - Pracownia Ramiarska","description":"Pracownia ramiarska w Warszawie","publisher":{"@id":"https:\/\/krawczykstudio.pl\/#organization"},"alternateName":"Krawczyk Studio","potentialAction":[{"@type":"SearchAction","target":{"@type":"EntryPoint","urlTemplate":"https:\/\/krawczykstudio.pl\/?s={search_term_string}"},"query-input":{"@type":"PropertyValueSpecification","valueRequired":true,"valueName":"search_term_string"}}],"inLanguage":"en-US"},{"@type":"Organization","@id":"https:\/\/krawczykstudio.pl\/#organization","name":"Krawczyk Studio","url":"https:\/\/krawczykstudio.pl\/","logo":{"@type":"ImageObject","inLanguage":"en-US","@id":"https:\/\/krawczykstudio.pl\/#\/schema\/logo\/image\/","url":"https:\/\/krawczykstudio.pl\/wp-content\/uploads\/2024\/11\/LogoKs.png","contentUrl":"https:\/\/krawczykstudio.pl\/wp-content\/uploads\/2024\/11\/LogoKs.png","width":194,"height":67,"caption":"Krawczyk Studio"},"image":{"@id":"https:\/\/krawczykstudio.pl\/#\/schema\/logo\/image\/"}}]}},"_links":{"self":[{"href":"https:\/\/krawczykstudio.pl\/en\/wp-json\/wp\/v2\/pages\/1073","targetHints":{"allow":["GET"]}}],"collection":[{"href":"https:\/\/krawczykstudio.pl\/en\/wp-json\/wp\/v2\/pages"}],"about":[{"href":"https:\/\/krawczykstudio.pl\/en\/wp-json\/wp\/v2\/types\/page"}],"author":[{"embeddable":true,"href":"https:\/\/krawczykstudio.pl\/en\/wp-json\/wp\/v2\/users\/2"}],"replies":[{"embeddable":true,"href":"https:\/\/krawczykstudio.pl\/en\/wp-json\/wp\/v2\/comments?post=1073"}],"version-history":[{"count":28,"href":"https:\/\/krawczykstudio.pl\/en\/wp-json\/wp\/v2\/pages\/1073\/revisions"}],"predecessor-version":[{"id":2844,"href":"https:\/\/krawczykstudio.pl\/en\/wp-json\/wp\/v2\/pages\/1073\/revisions\/2844"}],"wp:attachment":[{"href":"https:\/\/krawczykstudio.pl\/en\/wp-json\/wp\/v2\/media?parent=1073"}],"curies":[{"name":"wp","href":"https:\/\/api.w.org\/{rel}","templated":true}]}}